{"id":137885,"date":"2026-03-26T11:55:40","date_gmt":"2026-03-26T09:55:40","guid":{"rendered":"https:\/\/finncoin.com\/?post_type=product&#038;p=137885"},"modified":"2026-03-26T11:56:20","modified_gmt":"2026-03-26T09:56:20","slug":"5-pennia-1918-rautaa-tyonayte-2","status":"publish","type":"product","link":"https:\/\/finncoin.com\/fi\/product\/5-pennia-1918-rautaa-tyonayte-2\/","title":{"rendered":"5 Penni\u00e4 1918 Rautaa, Ty\u00f6n\u00e4yte"},"content":{"rendered":"","protected":false},"excerpt":{"rendered":"<p>Rautaa<\/p>\n<p>2,25g<\/p>\n<p>Kunto: 01<\/p>\n","protected":false},"featured_media":137883,"template":"","meta":{"_acf_changed":false},"product_brand":[],"product_cat":[516,548],"product_tag":[],"class_list":{"0":"post-137885","1":"product","2":"type-product","3":"status-publish","4":"has-post-thumbnail","6":"product_cat-1-penni-5-pennia","7":"product_cat-koerahat","9":"first","10":"instock","11":"shipping-taxable","12":"purchasable","13":"product-type-simple"},"acf":[],"_links":{"self":[{"href":"https:\/\/finncoin.com\/fi\/wp-json\/wp\/v2\/product\/137885","targetHints":{"allow":["GET"]}}],"collection":[{"href":"https:\/\/finncoin.com\/fi\/wp-json\/wp\/v2\/product"}],"about":[{"href":"https:\/\/finncoin.com\/fi\/wp-json\/wp\/v2\/types\/product"}],"wp:featuredmedia":[{"embeddable":true,"href":"https:\/\/finncoin.com\/fi\/wp-json\/wp\/v2\/media\/137883"}],"wp:attachment":[{"href":"https:\/\/finncoin.com\/fi\/wp-json\/wp\/v2\/media?parent=137885"}],"wp:term":[{"taxonomy":"product_brand","embeddable":true,"href":"https:\/\/finncoin.com\/fi\/wp-json\/wp\/v2\/product_brand?post=137885"},{"taxonomy":"product_cat","embeddable":true,"href":"https:\/\/finncoin.com\/fi\/wp-json\/wp\/v2\/product_cat?post=137885"},{"taxonomy":"product_tag","embeddable":true,"href":"https:\/\/finncoin.com\/fi\/wp-json\/wp\/v2\/product_tag?post=137885"}],"curies":[{"name":"wp","href":"https:\/\/api.w.org\/{rel}","templated":true}]}}