{"id":136955,"date":"2026-03-18T13:12:33","date_gmt":"2026-03-18T11:12:33","guid":{"rendered":"https:\/\/finncoin.com\/?post_type=product&#038;p=136955"},"modified":"2026-03-18T14:00:53","modified_gmt":"2026-03-18T12:00:53","slug":"ethelred-ii-1009-1017-ar-penny-pieni-risti-tyyppi-lontoo","status":"publish","type":"product","link":"https:\/\/finncoin.com\/fi\/product\/ethelred-ii-1009-1017-ar-penny-pieni-risti-tyyppi-lontoo\/","title":{"rendered":"Ethelred II 1009-1017, AR Penny &#8211; pieni risti tyyppi, Lontoo"},"content":{"rendered":"","protected":false},"excerpt":{"rendered":"<p>Hopeaa<\/p>\n<p>20mm<\/p>\n<p>Obv:\u00c6\u00d0ELR\u00c6D REX ANGL OR, diademed and draped bust to left<\/p>\n<p>Rev: EADPOLD MON LVND, small cross patt\u00e9e<\/p>\n<p>ref: North 777; SCBC 1154<\/p>\n<p>Kunto: 1+<\/p>\n","protected":false},"featured_media":136953,"template":"","meta":{"_acf_changed":false},"product_brand":[],"product_cat":[344],"product_tag":[],"class_list":{"0":"post-136955","1":"product","2":"type-product","3":"status-publish","4":"has-post-thumbnail","6":"product_cat-iso-britannia","8":"first","9":"outofstock","10":"shipping-taxable","11":"purchasable","12":"product-type-simple"},"acf":[],"_links":{"self":[{"href":"https:\/\/finncoin.com\/fi\/wp-json\/wp\/v2\/product\/136955","targetHints":{"allow":["GET"]}}],"collection":[{"href":"https:\/\/finncoin.com\/fi\/wp-json\/wp\/v2\/product"}],"about":[{"href":"https:\/\/finncoin.com\/fi\/wp-json\/wp\/v2\/types\/product"}],"wp:featuredmedia":[{"embeddable":true,"href":"https:\/\/finncoin.com\/fi\/wp-json\/wp\/v2\/media\/136953"}],"wp:attachment":[{"href":"https:\/\/finncoin.com\/fi\/wp-json\/wp\/v2\/media?parent=136955"}],"wp:term":[{"taxonomy":"product_brand","embeddable":true,"href":"https:\/\/finncoin.com\/fi\/wp-json\/wp\/v2\/product_brand?post=136955"},{"taxonomy":"product_cat","embeddable":true,"href":"https:\/\/finncoin.com\/fi\/wp-json\/wp\/v2\/product_cat?post=136955"},{"taxonomy":"product_tag","embeddable":true,"href":"https:\/\/finncoin.com\/fi\/wp-json\/wp\/v2\/product_tag?post=136955"}],"curies":[{"name":"wp","href":"https:\/\/api.w.org\/{rel}","templated":true}]}}