{"id":136363,"date":"2026-03-11T15:48:49","date_gmt":"2026-03-11T13:48:49","guid":{"rendered":"https:\/\/finncoin.com\/?post_type=product&#038;p=136363"},"modified":"2026-03-11T19:06:36","modified_gmt":"2026-03-11T17:06:36","slug":"pfadfinder-kurssisormus-nro-133","status":"publish","type":"product","link":"https:\/\/finncoin.com\/fi\/product\/pfadfinder-kurssisormus-nro-133\/","title":{"rendered":"Pfadfinder-kurssisormus nro 133"},"content":{"rendered":"<div>Vuonna 1915 noin 200 ensimm\u00e4ist\u00e4 suomalaista vapaaehtoista l\u00e4hti Saksaan sotilaskoulutukseen.<\/div>\n<div><\/div>\n<div>Koulutus j\u00e4rjestettiin peitetarinan alla nimell\u00e4 Pfadfinder-Kursus (\u201cpartiokurssi\u201d), ja osallistujia kutsuttiin pfadfindereiksi.<\/div>\n<div><\/div>\n<div>Kurssin muistoksi tehtiin pfadfinder-sormus, mutta sen ostaminen oli omaehtoista.<\/div>\n<div><\/div>\n<div>Jani Tiaisen Suomen kunniamerkit -kirjan mukaan sormuksia hankittiin hyvin v\u00e4h\u00e4n, joten ne ovat nyky\u00e4\u00e4n harvinaisia j\u00e4\u00e4k\u00e4riajan muistoesineit\u00e4.<\/div>\n","protected":false},"excerpt":{"rendered":"<p>Hopeaa<\/p>\n<p>koko: 20mm<\/p>\n<p>7,52g<\/p>\n<p>Tiainen 6.6.7 (RR)<\/p>\n<p>Kunto: Hyv\u00e4<\/p>\n","protected":false},"featured_media":136385,"template":"","meta":{"_acf_changed":false},"product_brand":[],"product_cat":[87],"product_tag":[],"class_list":{"0":"post-136363","1":"product","2":"type-product","3":"status-publish","4":"has-post-thumbnail","6":"product_cat-vapaussota-1918","7":"product_shipping_class-kirjeposti","9":"first","10":"instock","11":"shipping-taxable","12":"purchasable","13":"product-type-simple"},"acf":[],"_links":{"self":[{"href":"https:\/\/finncoin.com\/fi\/wp-json\/wp\/v2\/product\/136363","targetHints":{"allow":["GET"]}}],"collection":[{"href":"https:\/\/finncoin.com\/fi\/wp-json\/wp\/v2\/product"}],"about":[{"href":"https:\/\/finncoin.com\/fi\/wp-json\/wp\/v2\/types\/product"}],"wp:featuredmedia":[{"embeddable":true,"href":"https:\/\/finncoin.com\/fi\/wp-json\/wp\/v2\/media\/136385"}],"wp:attachment":[{"href":"https:\/\/finncoin.com\/fi\/wp-json\/wp\/v2\/media?parent=136363"}],"wp:term":[{"taxonomy":"product_brand","embeddable":true,"href":"https:\/\/finncoin.com\/fi\/wp-json\/wp\/v2\/product_brand?post=136363"},{"taxonomy":"product_cat","embeddable":true,"href":"https:\/\/finncoin.com\/fi\/wp-json\/wp\/v2\/product_cat?post=136363"},{"taxonomy":"product_tag","embeddable":true,"href":"https:\/\/finncoin.com\/fi\/wp-json\/wp\/v2\/product_tag?post=136363"}],"curies":[{"name":"wp","href":"https:\/\/api.w.org\/{rel}","templated":true}]}}