{"id":136165,"date":"2026-03-11T10:36:58","date_gmt":"2026-03-11T08:36:58","guid":{"rendered":"https:\/\/finncoin.com\/?post_type=product&#038;p=136165"},"modified":"2026-03-11T10:41:21","modified_gmt":"2026-03-11T08:41:21","slug":"5-pennia-1875-haminan-kadettikoulu","status":"publish","type":"product","link":"https:\/\/finncoin.com\/fi\/product\/5-pennia-1875-haminan-kadettikoulu\/","title":{"rendered":"5 Penni\u00e4 1875, Haminan kadettikoulu"},"content":{"rendered":"<p>kolikon keskell\u00e4 on juotosj\u00e4lki. Vuonna 1878 Haminan kadettikoulun juhlasalirakennuksen perustuksiin k\u00e4tkettiin 32 hopea- ja kuparirahaa vuosilta 1874\u20131878. Kun rakennus purettiin 1954, rahat otettiin talteen ja annettiin Haminan varuskunnan upseerikoulun upseerikerholle. My\u00f6hemmin ne p\u00e4\u00e4tyiv\u00e4t ker\u00e4ilymarkkinoille 1990-luvulla. Aiheesta on kirjoittanut Tuukka Talvio artikkelissaan lehdess\u00e4 Numismaattinen aikakauslehti (2\/1991).<\/p>\n","protected":false},"excerpt":{"rendered":"<p>Kuparia<\/p>\n<p>25mm<\/p>\n<p>Kunto: 01<\/p>\n","protected":false},"featured_media":136171,"template":"","meta":{"_acf_changed":false},"product_brand":[],"product_cat":[193,90],"product_tag":[],"class_list":{"0":"post-136165","1":"product","2":"type-product","3":"status-publish","4":"has-post-thumbnail","6":"product_cat-5-pennia-fi","7":"product_cat-militaria","8":"product_shipping_class-kirjeposti","10":"first","11":"instock","12":"shipping-taxable","13":"purchasable","14":"product-type-simple"},"acf":[],"_links":{"self":[{"href":"https:\/\/finncoin.com\/fi\/wp-json\/wp\/v2\/product\/136165","targetHints":{"allow":["GET"]}}],"collection":[{"href":"https:\/\/finncoin.com\/fi\/wp-json\/wp\/v2\/product"}],"about":[{"href":"https:\/\/finncoin.com\/fi\/wp-json\/wp\/v2\/types\/product"}],"wp:featuredmedia":[{"embeddable":true,"href":"https:\/\/finncoin.com\/fi\/wp-json\/wp\/v2\/media\/136171"}],"wp:attachment":[{"href":"https:\/\/finncoin.com\/fi\/wp-json\/wp\/v2\/media?parent=136165"}],"wp:term":[{"taxonomy":"product_brand","embeddable":true,"href":"https:\/\/finncoin.com\/fi\/wp-json\/wp\/v2\/product_brand?post=136165"},{"taxonomy":"product_cat","embeddable":true,"href":"https:\/\/finncoin.com\/fi\/wp-json\/wp\/v2\/product_cat?post=136165"},{"taxonomy":"product_tag","embeddable":true,"href":"https:\/\/finncoin.com\/fi\/wp-json\/wp\/v2\/product_tag?post=136165"}],"curies":[{"name":"wp","href":"https:\/\/api.w.org\/{rel}","templated":true}]}}