{"id":135969,"date":"2026-03-09T14:26:38","date_gmt":"2026-03-09T12:26:38","guid":{"rendered":"https:\/\/finncoin.com\/?post_type=product&#038;p=135969"},"modified":"2026-03-09T14:27:54","modified_gmt":"2026-03-09T12:27:54","slug":"tykiston-sormus-1962","status":"publish","type":"product","link":"https:\/\/finncoin.com\/fi\/product\/tykiston-sormus-1962\/","title":{"rendered":"Tykist\u00f6n sormus 1962"},"content":{"rendered":"","protected":false},"excerpt":{"rendered":"<p>Hopeaa 0,813<\/p>\n<p>koko: 21,5mm<\/p>\n<p>Kunto: Tyydytt\u00e4v\u00e4, v\u00e4h\u00e4n taipunut<\/p>\n","protected":false},"featured_media":135967,"template":"","meta":{"_acf_changed":false},"product_brand":[],"product_cat":[1001],"product_tag":[],"class_list":{"0":"post-135969","1":"product","2":"type-product","3":"status-publish","4":"has-post-thumbnail","6":"product_cat-muut","8":"first","9":"instock","10":"shipping-taxable","11":"purchasable","12":"product-type-simple"},"acf":[],"_links":{"self":[{"href":"https:\/\/finncoin.com\/fi\/wp-json\/wp\/v2\/product\/135969","targetHints":{"allow":["GET"]}}],"collection":[{"href":"https:\/\/finncoin.com\/fi\/wp-json\/wp\/v2\/product"}],"about":[{"href":"https:\/\/finncoin.com\/fi\/wp-json\/wp\/v2\/types\/product"}],"wp:featuredmedia":[{"embeddable":true,"href":"https:\/\/finncoin.com\/fi\/wp-json\/wp\/v2\/media\/135967"}],"wp:attachment":[{"href":"https:\/\/finncoin.com\/fi\/wp-json\/wp\/v2\/media?parent=135969"}],"wp:term":[{"taxonomy":"product_brand","embeddable":true,"href":"https:\/\/finncoin.com\/fi\/wp-json\/wp\/v2\/product_brand?post=135969"},{"taxonomy":"product_cat","embeddable":true,"href":"https:\/\/finncoin.com\/fi\/wp-json\/wp\/v2\/product_cat?post=135969"},{"taxonomy":"product_tag","embeddable":true,"href":"https:\/\/finncoin.com\/fi\/wp-json\/wp\/v2\/product_tag?post=135969"}],"curies":[{"name":"wp","href":"https:\/\/api.w.org\/{rel}","templated":true}]}}