{"id":135939,"date":"2026-03-09T14:11:34","date_gmt":"2026-03-09T12:11:34","guid":{"rendered":"https:\/\/finncoin.com\/?post_type=product&#038;p=135939"},"modified":"2026-03-09T14:11:35","modified_gmt":"2026-03-09T12:11:35","slug":"laivaston-sormus-1971","status":"publish","type":"product","link":"https:\/\/finncoin.com\/fi\/product\/laivaston-sormus-1971\/","title":{"rendered":"Laivaston sormus 1971"},"content":{"rendered":"","protected":false},"excerpt":{"rendered":"<p>Hopeaa 0,813<\/p>\n<p>koko: 21mm<\/p>\n<p>Kunto: Tyydytt\u00e4v\u00e4, v\u00e4h\u00e4n taipunut<\/p>\n","protected":false},"featured_media":135949,"template":"","meta":{"_acf_changed":false},"product_brand":[],"product_cat":[1001],"product_tag":[],"class_list":{"0":"post-135939","1":"product","2":"type-product","3":"status-publish","4":"has-post-thumbnail","6":"product_cat-muut","7":"product_shipping_class-kirjeposti","9":"first","10":"instock","11":"shipping-taxable","12":"purchasable","13":"product-type-simple"},"acf":[],"_links":{"self":[{"href":"https:\/\/finncoin.com\/fi\/wp-json\/wp\/v2\/product\/135939","targetHints":{"allow":["GET"]}}],"collection":[{"href":"https:\/\/finncoin.com\/fi\/wp-json\/wp\/v2\/product"}],"about":[{"href":"https:\/\/finncoin.com\/fi\/wp-json\/wp\/v2\/types\/product"}],"wp:featuredmedia":[{"embeddable":true,"href":"https:\/\/finncoin.com\/fi\/wp-json\/wp\/v2\/media\/135949"}],"wp:attachment":[{"href":"https:\/\/finncoin.com\/fi\/wp-json\/wp\/v2\/media?parent=135939"}],"wp:term":[{"taxonomy":"product_brand","embeddable":true,"href":"https:\/\/finncoin.com\/fi\/wp-json\/wp\/v2\/product_brand?post=135939"},{"taxonomy":"product_cat","embeddable":true,"href":"https:\/\/finncoin.com\/fi\/wp-json\/wp\/v2\/product_cat?post=135939"},{"taxonomy":"product_tag","embeddable":true,"href":"https:\/\/finncoin.com\/fi\/wp-json\/wp\/v2\/product_tag?post=135939"}],"curies":[{"name":"wp","href":"https:\/\/api.w.org\/{rel}","templated":true}]}}