{"id":134633,"date":"2026-02-25T08:21:38","date_gmt":"2026-02-25T06:21:38","guid":{"rendered":"https:\/\/finncoin.com\/?post_type=product&#038;p=134633"},"modified":"2026-02-25T08:27:26","modified_gmt":"2026-02-25T06:27:26","slug":"ruotsin-liivinmaa-1600-luku-shillingit-suceava-vaarennos-40kpl","status":"publish","type":"product","link":"https:\/\/finncoin.com\/fi\/product\/ruotsin-liivinmaa-1600-luku-shillingit-suceava-vaarennos-40kpl\/","title":{"rendered":"Ruotsin Liivinmaa, 1600-luku shillingit, Suceava V\u00e4\u00e4renn\u00f6s, 40kpl"},"content":{"rendered":"","protected":false},"excerpt":{"rendered":"<p>Eri p\u00e4iv\u00e4m\u00e4\u00e4ri\u00e4<\/p>\n<p>Kunto: 1?-1+<\/p>\n","protected":false},"featured_media":134631,"template":"","meta":{"_acf_changed":false},"product_brand":[],"product_cat":[171],"product_tag":[],"class_list":{"0":"post-134633","1":"product","2":"type-product","3":"status-publish","4":"has-post-thumbnail","6":"product_cat-baltian-maat","8":"first","9":"instock","10":"shipping-taxable","11":"purchasable","12":"product-type-simple"},"acf":[],"_links":{"self":[{"href":"https:\/\/finncoin.com\/fi\/wp-json\/wp\/v2\/product\/134633","targetHints":{"allow":["GET"]}}],"collection":[{"href":"https:\/\/finncoin.com\/fi\/wp-json\/wp\/v2\/product"}],"about":[{"href":"https:\/\/finncoin.com\/fi\/wp-json\/wp\/v2\/types\/product"}],"wp:featuredmedia":[{"embeddable":true,"href":"https:\/\/finncoin.com\/fi\/wp-json\/wp\/v2\/media\/134631"}],"wp:attachment":[{"href":"https:\/\/finncoin.com\/fi\/wp-json\/wp\/v2\/media?parent=134633"}],"wp:term":[{"taxonomy":"product_brand","embeddable":true,"href":"https:\/\/finncoin.com\/fi\/wp-json\/wp\/v2\/product_brand?post=134633"},{"taxonomy":"product_cat","embeddable":true,"href":"https:\/\/finncoin.com\/fi\/wp-json\/wp\/v2\/product_cat?post=134633"},{"taxonomy":"product_tag","embeddable":true,"href":"https:\/\/finncoin.com\/fi\/wp-json\/wp\/v2\/product_tag?post=134633"}],"curies":[{"name":"wp","href":"https:\/\/api.w.org\/{rel}","templated":true}]}}