{"id":133287,"date":"2026-02-18T15:54:24","date_gmt":"2026-02-18T13:54:24","guid":{"rendered":"https:\/\/finncoin.com\/?post_type=product&#038;p=133287"},"modified":"2026-03-13T14:47:38","modified_gmt":"2026-03-13T12:47:38","slug":"rotanhantapistin-metallituppi","status":"publish","type":"product","link":"https:\/\/finncoin.com\/fi\/product\/rotanhantapistin-metallituppi\/","title":{"rendered":"Rotanh\u00e4nt\u00e4pistin + metallituppi"},"content":{"rendered":"","protected":false},"excerpt":{"rendered":"<p>malli 1891<\/p>\n<p>54,5 cm<\/p>\n<p>Kunto: Tyydytt\u00e4v\u00e4, sy\u00f6pym\u00e4\u00e4<\/p>\n","protected":false},"featured_media":133305,"template":"","meta":{"_acf_changed":false},"product_brand":[],"product_cat":[90],"product_tag":[],"class_list":{"0":"post-133287","1":"product","2":"type-product","3":"status-publish","4":"has-post-thumbnail","6":"product_cat-militaria","7":"product_shipping_class-kirjeposti","9":"first","10":"outofstock","11":"shipping-taxable","12":"purchasable","13":"product-type-simple"},"acf":[],"_links":{"self":[{"href":"https:\/\/finncoin.com\/fi\/wp-json\/wp\/v2\/product\/133287","targetHints":{"allow":["GET"]}}],"collection":[{"href":"https:\/\/finncoin.com\/fi\/wp-json\/wp\/v2\/product"}],"about":[{"href":"https:\/\/finncoin.com\/fi\/wp-json\/wp\/v2\/types\/product"}],"wp:featuredmedia":[{"embeddable":true,"href":"https:\/\/finncoin.com\/fi\/wp-json\/wp\/v2\/media\/133305"}],"wp:attachment":[{"href":"https:\/\/finncoin.com\/fi\/wp-json\/wp\/v2\/media?parent=133287"}],"wp:term":[{"taxonomy":"product_brand","embeddable":true,"href":"https:\/\/finncoin.com\/fi\/wp-json\/wp\/v2\/product_brand?post=133287"},{"taxonomy":"product_cat","embeddable":true,"href":"https:\/\/finncoin.com\/fi\/wp-json\/wp\/v2\/product_cat?post=133287"},{"taxonomy":"product_tag","embeddable":true,"href":"https:\/\/finncoin.com\/fi\/wp-json\/wp\/v2\/product_tag?post=133287"}],"curies":[{"name":"wp","href":"https:\/\/api.w.org\/{rel}","templated":true}]}}