{"id":132123,"date":"2026-02-06T13:18:05","date_gmt":"2026-02-06T11:18:05","guid":{"rendered":"https:\/\/finncoin.com\/?post_type=product&#038;p=132123"},"modified":"2026-02-06T13:20:11","modified_gmt":"2026-02-06T11:20:11","slug":"lansi-kannaksen-muistoristi-1939-40-myontokirjalla","status":"publish","type":"product","link":"https:\/\/finncoin.com\/fi\/product\/lansi-kannaksen-muistoristi-1939-40-myontokirjalla\/","title":{"rendered":"L\u00e4nsi-Kannaksen muistoristi 1939-40 my\u00f6nt\u00f6kirjalla"},"content":{"rendered":"","protected":false},"excerpt":{"rendered":"<p>Hopeoitu kupari<\/p>\n<p>40 x 40mm<\/p>\n<p>Tiainen 9.1.7<\/p>\n<p>Kunto: Hyv\u00e4<\/p>\n","protected":false},"featured_media":132121,"template":"","meta":{"_acf_changed":false},"product_brand":[],"product_cat":[89],"product_tag":[],"class_list":{"0":"post-132123","1":"product","2":"type-product","3":"status-publish","4":"has-post-thumbnail","6":"product_cat-talvisota-1939-1940","8":"first","9":"outofstock","10":"shipping-taxable","11":"purchasable","12":"product-type-simple"},"acf":[],"_links":{"self":[{"href":"https:\/\/finncoin.com\/fi\/wp-json\/wp\/v2\/product\/132123","targetHints":{"allow":["GET"]}}],"collection":[{"href":"https:\/\/finncoin.com\/fi\/wp-json\/wp\/v2\/product"}],"about":[{"href":"https:\/\/finncoin.com\/fi\/wp-json\/wp\/v2\/types\/product"}],"wp:featuredmedia":[{"embeddable":true,"href":"https:\/\/finncoin.com\/fi\/wp-json\/wp\/v2\/media\/132121"}],"wp:attachment":[{"href":"https:\/\/finncoin.com\/fi\/wp-json\/wp\/v2\/media?parent=132123"}],"wp:term":[{"taxonomy":"product_brand","embeddable":true,"href":"https:\/\/finncoin.com\/fi\/wp-json\/wp\/v2\/product_brand?post=132123"},{"taxonomy":"product_cat","embeddable":true,"href":"https:\/\/finncoin.com\/fi\/wp-json\/wp\/v2\/product_cat?post=132123"},{"taxonomy":"product_tag","embeddable":true,"href":"https:\/\/finncoin.com\/fi\/wp-json\/wp\/v2\/product_tag?post=132123"}],"curies":[{"name":"wp","href":"https:\/\/api.w.org\/{rel}","templated":true}]}}