{"id":131841,"date":"2026-02-05T14:42:07","date_gmt":"2026-02-05T12:42:07","guid":{"rendered":"https:\/\/finncoin.com\/?post_type=product&#038;p=131841"},"modified":"2026-02-05T14:42:50","modified_gmt":"2026-02-05T12:42:50","slug":"10-markkaa-1980-tahti-j-sarja-perakkaiset-numerot","status":"publish","type":"product","link":"https:\/\/finncoin.com\/fi\/product\/10-markkaa-1980-tahti-j-sarja-perakkaiset-numerot\/","title":{"rendered":"10 Markkaa 1980 T\u00e4hti J-sarja, per\u00e4kk\u00e4iset numerot"},"content":{"rendered":"","protected":false},"excerpt":{"rendered":"<p>SNY 147.2.4<\/p>\n<p>Kunto: 01<\/p>\n","protected":false},"featured_media":131839,"template":"","meta":{"_acf_changed":false},"product_brand":[],"product_cat":[816],"product_tag":[],"class_list":{"0":"post-131841","1":"product","2":"type-product","3":"status-publish","4":"has-post-thumbnail","6":"product_cat-1980-korvaavat","8":"first","9":"instock","10":"shipping-taxable","11":"purchasable","12":"product-type-simple"},"acf":[],"_links":{"self":[{"href":"https:\/\/finncoin.com\/fi\/wp-json\/wp\/v2\/product\/131841","targetHints":{"allow":["GET"]}}],"collection":[{"href":"https:\/\/finncoin.com\/fi\/wp-json\/wp\/v2\/product"}],"about":[{"href":"https:\/\/finncoin.com\/fi\/wp-json\/wp\/v2\/types\/product"}],"wp:featuredmedia":[{"embeddable":true,"href":"https:\/\/finncoin.com\/fi\/wp-json\/wp\/v2\/media\/131839"}],"wp:attachment":[{"href":"https:\/\/finncoin.com\/fi\/wp-json\/wp\/v2\/media?parent=131841"}],"wp:term":[{"taxonomy":"product_brand","embeddable":true,"href":"https:\/\/finncoin.com\/fi\/wp-json\/wp\/v2\/product_brand?post=131841"},{"taxonomy":"product_cat","embeddable":true,"href":"https:\/\/finncoin.com\/fi\/wp-json\/wp\/v2\/product_cat?post=131841"},{"taxonomy":"product_tag","embeddable":true,"href":"https:\/\/finncoin.com\/fi\/wp-json\/wp\/v2\/product_tag?post=131841"}],"curies":[{"name":"wp","href":"https:\/\/api.w.org\/{rel}","templated":true}]}}