{"id":131243,"date":"2026-01-29T14:15:14","date_gmt":"2026-01-29T12:15:14","guid":{"rendered":"https:\/\/finncoin.com\/?post_type=product&#038;p=131243"},"modified":"2026-01-29T14:15:14","modified_gmt":"2026-01-29T12:15:14","slug":"era-olympialaisten-muistoesineita","status":"publish","type":"product","link":"https:\/\/finncoin.com\/fi\/product\/era-olympialaisten-muistoesineita\/","title":{"rendered":"Er\u00e4 olympialaisten muistoesineit\u00e4"},"content":{"rendered":"","protected":false},"excerpt":{"rendered":"<p>Kunto: Tyydytt\u00e4v\u00e4 &#8211; Hyv\u00e4<\/p>\n","protected":false},"featured_media":131249,"template":"","meta":{"_acf_changed":false},"product_brand":[],"product_cat":[91],"product_tag":[],"class_list":{"0":"post-131243","1":"product","2":"type-product","3":"status-publish","4":"has-post-thumbnail","6":"product_cat-olympia","7":"product_shipping_class-pakettiposti","9":"first","10":"instock","11":"shipping-taxable","12":"purchasable","13":"product-type-simple"},"acf":[],"_links":{"self":[{"href":"https:\/\/finncoin.com\/fi\/wp-json\/wp\/v2\/product\/131243","targetHints":{"allow":["GET"]}}],"collection":[{"href":"https:\/\/finncoin.com\/fi\/wp-json\/wp\/v2\/product"}],"about":[{"href":"https:\/\/finncoin.com\/fi\/wp-json\/wp\/v2\/types\/product"}],"wp:featuredmedia":[{"embeddable":true,"href":"https:\/\/finncoin.com\/fi\/wp-json\/wp\/v2\/media\/131249"}],"wp:attachment":[{"href":"https:\/\/finncoin.com\/fi\/wp-json\/wp\/v2\/media?parent=131243"}],"wp:term":[{"taxonomy":"product_brand","embeddable":true,"href":"https:\/\/finncoin.com\/fi\/wp-json\/wp\/v2\/product_brand?post=131243"},{"taxonomy":"product_cat","embeddable":true,"href":"https:\/\/finncoin.com\/fi\/wp-json\/wp\/v2\/product_cat?post=131243"},{"taxonomy":"product_tag","embeddable":true,"href":"https:\/\/finncoin.com\/fi\/wp-json\/wp\/v2\/product_tag?post=131243"}],"curies":[{"name":"wp","href":"https:\/\/api.w.org\/{rel}","templated":true}]}}