{"id":131195,"date":"2026-01-28T13:16:52","date_gmt":"2026-01-28T11:16:52","guid":{"rendered":"https:\/\/finncoin.com\/?post_type=product&#038;p=131195"},"modified":"2026-01-28T13:20:27","modified_gmt":"2026-01-28T11:20:27","slug":"venaja-ensimmaiseen-vaestonlaskentaan-1897-muistomitali","status":"publish","type":"product","link":"https:\/\/finncoin.com\/fi\/product\/venaja-ensimmaiseen-vaestonlaskentaan-1897-muistomitali\/","title":{"rendered":"Ven\u00e4j\u00e4, ensimm\u00e4iseen v\u00e4est\u00f6nlaskentaan 1897 muistomitali"},"content":{"rendered":"","protected":false},"excerpt":{"rendered":"<p>Kuparia<\/p>\n<p>29mm<\/p>\n<p>Dyakov 1258.1<\/p>\n<p>Kunto: 1+<\/p>\n","protected":false},"featured_media":131193,"template":"","meta":{"_acf_changed":false},"product_brand":[],"product_cat":[96],"product_tag":[],"class_list":{"0":"post-131195","1":"product","2":"type-product","3":"status-publish","4":"has-post-thumbnail","6":"product_cat-venalaiset-mitalit-1700-1917","8":"first","9":"instock","10":"shipping-taxable","11":"purchasable","12":"product-type-simple"},"acf":[],"_links":{"self":[{"href":"https:\/\/finncoin.com\/fi\/wp-json\/wp\/v2\/product\/131195","targetHints":{"allow":["GET"]}}],"collection":[{"href":"https:\/\/finncoin.com\/fi\/wp-json\/wp\/v2\/product"}],"about":[{"href":"https:\/\/finncoin.com\/fi\/wp-json\/wp\/v2\/types\/product"}],"wp:featuredmedia":[{"embeddable":true,"href":"https:\/\/finncoin.com\/fi\/wp-json\/wp\/v2\/media\/131193"}],"wp:attachment":[{"href":"https:\/\/finncoin.com\/fi\/wp-json\/wp\/v2\/media?parent=131195"}],"wp:term":[{"taxonomy":"product_brand","embeddable":true,"href":"https:\/\/finncoin.com\/fi\/wp-json\/wp\/v2\/product_brand?post=131195"},{"taxonomy":"product_cat","embeddable":true,"href":"https:\/\/finncoin.com\/fi\/wp-json\/wp\/v2\/product_cat?post=131195"},{"taxonomy":"product_tag","embeddable":true,"href":"https:\/\/finncoin.com\/fi\/wp-json\/wp\/v2\/product_tag?post=131195"}],"curies":[{"name":"wp","href":"https:\/\/api.w.org\/{rel}","templated":true}]}}