{"id":130515,"date":"2026-01-22T11:40:53","date_gmt":"2026-01-22T09:40:53","guid":{"rendered":"https:\/\/finncoin.com\/?post_type=product&#038;p=130515"},"modified":"2026-01-22T11:44:42","modified_gmt":"2026-01-22T09:44:42","slug":"japanilainen-arisaka-kivaarin-pistin-malli-30","status":"publish","type":"product","link":"https:\/\/finncoin.com\/fi\/product\/japanilainen-arisaka-kivaarin-pistin-malli-30\/","title":{"rendered":"Japanilainen Arisaka kiv\u00e4\u00e4rin pistin malli 30"},"content":{"rendered":"","protected":false},"excerpt":{"rendered":"<p>52,5cm<\/p>\n<p>Kunto: tyydytt\u00e4v\u00e4, kohtuullisessa kunnossa, sy\u00f6pym\u00e4\u00e4<\/p>\n","protected":false},"featured_media":130513,"template":"","meta":{"_acf_changed":false},"product_brand":[],"product_cat":[90],"product_tag":[],"class_list":{"0":"post-130515","1":"product","2":"type-product","3":"status-publish","4":"has-post-thumbnail","6":"product_cat-militaria","7":"product_shipping_class-pakettiposti","9":"first","10":"instock","11":"shipping-taxable","12":"purchasable","13":"product-type-simple"},"acf":[],"_links":{"self":[{"href":"https:\/\/finncoin.com\/fi\/wp-json\/wp\/v2\/product\/130515","targetHints":{"allow":["GET"]}}],"collection":[{"href":"https:\/\/finncoin.com\/fi\/wp-json\/wp\/v2\/product"}],"about":[{"href":"https:\/\/finncoin.com\/fi\/wp-json\/wp\/v2\/types\/product"}],"wp:featuredmedia":[{"embeddable":true,"href":"https:\/\/finncoin.com\/fi\/wp-json\/wp\/v2\/media\/130513"}],"wp:attachment":[{"href":"https:\/\/finncoin.com\/fi\/wp-json\/wp\/v2\/media?parent=130515"}],"wp:term":[{"taxonomy":"product_brand","embeddable":true,"href":"https:\/\/finncoin.com\/fi\/wp-json\/wp\/v2\/product_brand?post=130515"},{"taxonomy":"product_cat","embeddable":true,"href":"https:\/\/finncoin.com\/fi\/wp-json\/wp\/v2\/product_cat?post=130515"},{"taxonomy":"product_tag","embeddable":true,"href":"https:\/\/finncoin.com\/fi\/wp-json\/wp\/v2\/product_tag?post=130515"}],"curies":[{"name":"wp","href":"https:\/\/api.w.org\/{rel}","templated":true}]}}