{"id":126323,"date":"2025-11-30T11:11:48","date_gmt":"2025-11-30T09:15:26","guid":{"rendered":"https:\/\/finncoin.com\/?post_type=product&#038;p=126323"},"modified":"2025-11-30T11:15:27","modified_gmt":"2025-11-30T09:15:27","slug":"mongolian-japanin-sota-1945-muistomitali","status":"publish","type":"product","link":"https:\/\/finncoin.com\/fi\/product\/mongolian-japanin-sota-1945-muistomitali\/","title":{"rendered":"Mongolian Japanin sota 1945 muistomitali"},"content":{"rendered":"","protected":false},"excerpt":{"rendered":"<p>messinki, emali<\/p>\n<p>39 x 42mm<\/p>\n<p>Kunto: Tyydytt\u00e4v\u00e4, emalivikoja, ei alkuper\u00e4n kiinnitysrengas<\/p>\n","protected":false},"featured_media":126321,"template":"","meta":{"_acf_changed":false},"product_brand":[],"product_cat":[108],"product_tag":[],"class_list":{"0":"post-126323","1":"product","2":"type-product","3":"status-publish","4":"has-post-thumbnail","6":"product_cat-ulkomaalaiset-kunniamerkit-aasia","8":"first","9":"instock","10":"shipping-taxable","11":"purchasable","12":"product-type-simple"},"acf":[],"_links":{"self":[{"href":"https:\/\/finncoin.com\/fi\/wp-json\/wp\/v2\/product\/126323","targetHints":{"allow":["GET"]}}],"collection":[{"href":"https:\/\/finncoin.com\/fi\/wp-json\/wp\/v2\/product"}],"about":[{"href":"https:\/\/finncoin.com\/fi\/wp-json\/wp\/v2\/types\/product"}],"wp:featuredmedia":[{"embeddable":true,"href":"https:\/\/finncoin.com\/fi\/wp-json\/wp\/v2\/media\/126321"}],"wp:attachment":[{"href":"https:\/\/finncoin.com\/fi\/wp-json\/wp\/v2\/media?parent=126323"}],"wp:term":[{"taxonomy":"product_brand","embeddable":true,"href":"https:\/\/finncoin.com\/fi\/wp-json\/wp\/v2\/product_brand?post=126323"},{"taxonomy":"product_cat","embeddable":true,"href":"https:\/\/finncoin.com\/fi\/wp-json\/wp\/v2\/product_cat?post=126323"},{"taxonomy":"product_tag","embeddable":true,"href":"https:\/\/finncoin.com\/fi\/wp-json\/wp\/v2\/product_tag?post=126323"}],"curies":[{"name":"wp","href":"https:\/\/api.w.org\/{rel}","templated":true}]}}