{"id":12511,"date":"2022-09-01T11:57:40","date_gmt":"2022-09-01T08:57:40","guid":{"rendered":"https:\/\/finncoin.com\/?post_type=product&#038;p=12511"},"modified":"2022-09-01T11:57:40","modified_gmt":"2022-09-01T08:57:40","slug":"helsingin-olympialaiset-1952-olympiahuivi-3","status":"publish","type":"product","link":"https:\/\/finncoin.com\/fi\/product\/helsingin-olympialaiset-1952-olympiahuivi-3\/","title":{"rendered":"Helsingin olympialaiset 1952, Olympiahuivi"},"content":{"rendered":"","protected":false},"excerpt":{"rendered":"<div class=\"product-short-description\">\n<p>73cm<\/p>\n<p>Kunto: Tyydytt\u00e4v\u00e4,repeytymi\u00e4<\/p>\n<\/div>\n","protected":false},"featured_media":12525,"template":"","meta":{"_acf_changed":false},"product_brand":[],"product_cat":[91],"product_tag":[],"class_list":{"0":"post-12511","1":"product","2":"type-product","3":"status-publish","4":"has-post-thumbnail","6":"product_cat-olympia","7":"product_shipping_class-kirjeposti","9":"first","10":"instock","11":"sold-individually","12":"shipping-taxable","13":"purchasable","14":"product-type-simple"},"acf":[],"_links":{"self":[{"href":"https:\/\/finncoin.com\/fi\/wp-json\/wp\/v2\/product\/12511","targetHints":{"allow":["GET"]}}],"collection":[{"href":"https:\/\/finncoin.com\/fi\/wp-json\/wp\/v2\/product"}],"about":[{"href":"https:\/\/finncoin.com\/fi\/wp-json\/wp\/v2\/types\/product"}],"wp:featuredmedia":[{"embeddable":true,"href":"https:\/\/finncoin.com\/fi\/wp-json\/wp\/v2\/media\/12525"}],"wp:attachment":[{"href":"https:\/\/finncoin.com\/fi\/wp-json\/wp\/v2\/media?parent=12511"}],"wp:term":[{"taxonomy":"product_brand","embeddable":true,"href":"https:\/\/finncoin.com\/fi\/wp-json\/wp\/v2\/product_brand?post=12511"},{"taxonomy":"product_cat","embeddable":true,"href":"https:\/\/finncoin.com\/fi\/wp-json\/wp\/v2\/product_cat?post=12511"},{"taxonomy":"product_tag","embeddable":true,"href":"https:\/\/finncoin.com\/fi\/wp-json\/wp\/v2\/product_tag?post=12511"}],"curies":[{"name":"wp","href":"https:\/\/api.w.org\/{rel}","templated":true}]}}