{"id":123287,"date":"2025-10-25T14:23:58","date_gmt":"2025-10-25T11:23:58","guid":{"rendered":"https:\/\/finncoin.com\/?post_type=product&#038;p=123287"},"modified":"2025-11-08T08:54:22","modified_gmt":"2025-11-08T06:54:22","slug":"venaja-ita-siperia-25-ruplaa-1918-2","status":"publish","type":"product","link":"https:\/\/finncoin.com\/fi\/product\/venaja-ita-siperia-25-ruplaa-1918-2\/","title":{"rendered":"Ven\u00e4j\u00e4, It\u00e4-Siperia 25 Ruplaa 1918"},"content":{"rendered":"","protected":false},"excerpt":{"rendered":"<p>P# 39A<\/p>\n<p>Kunto: 1+\/01<\/p>\n","protected":false},"featured_media":123293,"template":"","meta":{"_acf_changed":false},"product_brand":[],"product_cat":[227],"product_tag":[],"class_list":{"0":"post-123287","1":"product","2":"type-product","3":"status-publish","4":"has-post-thumbnail","6":"product_cat-keisarillisen-venaja","7":"product_shipping_class-kirjeposti","9":"first","10":"outofstock","11":"shipping-taxable","12":"purchasable","13":"product-type-simple"},"acf":[],"_links":{"self":[{"href":"https:\/\/finncoin.com\/fi\/wp-json\/wp\/v2\/product\/123287","targetHints":{"allow":["GET"]}}],"collection":[{"href":"https:\/\/finncoin.com\/fi\/wp-json\/wp\/v2\/product"}],"about":[{"href":"https:\/\/finncoin.com\/fi\/wp-json\/wp\/v2\/types\/product"}],"wp:featuredmedia":[{"embeddable":true,"href":"https:\/\/finncoin.com\/fi\/wp-json\/wp\/v2\/media\/123293"}],"wp:attachment":[{"href":"https:\/\/finncoin.com\/fi\/wp-json\/wp\/v2\/media?parent=123287"}],"wp:term":[{"taxonomy":"product_brand","embeddable":true,"href":"https:\/\/finncoin.com\/fi\/wp-json\/wp\/v2\/product_brand?post=123287"},{"taxonomy":"product_cat","embeddable":true,"href":"https:\/\/finncoin.com\/fi\/wp-json\/wp\/v2\/product_cat?post=123287"},{"taxonomy":"product_tag","embeddable":true,"href":"https:\/\/finncoin.com\/fi\/wp-json\/wp\/v2\/product_tag?post=123287"}],"curies":[{"name":"wp","href":"https:\/\/api.w.org\/{rel}","templated":true}]}}