{"id":123285,"date":"2025-10-25T14:20:33","date_gmt":"2025-10-25T11:21:27","guid":{"rendered":"https:\/\/finncoin.com\/?post_type=product&#038;p=123285"},"modified":"2025-11-11T19:19:36","modified_gmt":"2025-11-11T17:19:36","slug":"venaja-ita-siperia-25-ruplaa-1918","status":"publish","type":"product","link":"https:\/\/finncoin.com\/fi\/product\/venaja-ita-siperia-25-ruplaa-1918\/","title":{"rendered":"Ven\u00e4j\u00e4, It\u00e4-Siperia 25 Ruplaa 1918"},"content":{"rendered":"","protected":false},"excerpt":{"rendered":"<p>P# 39A<\/p>\n<p>Kunto: 1+\/01<\/p>\n","protected":false},"featured_media":123283,"template":"","meta":{"_acf_changed":false},"product_brand":[],"product_cat":[227],"product_tag":[],"class_list":{"0":"post-123285","1":"product","2":"type-product","3":"status-publish","4":"has-post-thumbnail","6":"product_cat-keisarillisen-venaja","8":"first","9":"outofstock","10":"shipping-taxable","11":"purchasable","12":"product-type-simple"},"acf":[],"_links":{"self":[{"href":"https:\/\/finncoin.com\/fi\/wp-json\/wp\/v2\/product\/123285","targetHints":{"allow":["GET"]}}],"collection":[{"href":"https:\/\/finncoin.com\/fi\/wp-json\/wp\/v2\/product"}],"about":[{"href":"https:\/\/finncoin.com\/fi\/wp-json\/wp\/v2\/types\/product"}],"wp:featuredmedia":[{"embeddable":true,"href":"https:\/\/finncoin.com\/fi\/wp-json\/wp\/v2\/media\/123283"}],"wp:attachment":[{"href":"https:\/\/finncoin.com\/fi\/wp-json\/wp\/v2\/media?parent=123285"}],"wp:term":[{"taxonomy":"product_brand","embeddable":true,"href":"https:\/\/finncoin.com\/fi\/wp-json\/wp\/v2\/product_brand?post=123285"},{"taxonomy":"product_cat","embeddable":true,"href":"https:\/\/finncoin.com\/fi\/wp-json\/wp\/v2\/product_cat?post=123285"},{"taxonomy":"product_tag","embeddable":true,"href":"https:\/\/finncoin.com\/fi\/wp-json\/wp\/v2\/product_tag?post=123285"}],"curies":[{"name":"wp","href":"https:\/\/api.w.org\/{rel}","templated":true}]}}