{"id":12145,"date":"2022-08-29T13:56:52","date_gmt":"2022-08-29T10:58:50","guid":{"rendered":"https:\/\/finncoin.com\/?post_type=product&#038;p=12145"},"modified":"2022-08-29T13:58:51","modified_gmt":"2022-08-29T10:58:51","slug":"venaja-keski-aasia-asgabat-1919-100-ruplaa","status":"publish","type":"product","link":"https:\/\/finncoin.com\/fi\/product\/venaja-keski-aasia-asgabat-1919-100-ruplaa\/","title":{"rendered":"Ven\u00e4j\u00e4, Keski-Aasia A\u0161gabat 1919 100 Ruplaa"},"content":{"rendered":"","protected":false},"excerpt":{"rendered":"<p>P# S1146<\/p>\n<p>Kunto: 1<\/p>\n","protected":false},"featured_media":12143,"template":"","meta":{"_acf_changed":false},"product_brand":[],"product_cat":[227],"product_tag":[],"class_list":{"0":"post-12145","1":"product","2":"type-product","3":"status-publish","4":"has-post-thumbnail","6":"product_cat-keisarillisen-venaja","8":"first","9":"instock","10":"sold-individually","11":"shipping-taxable","12":"purchasable","13":"product-type-simple"},"acf":[],"_links":{"self":[{"href":"https:\/\/finncoin.com\/fi\/wp-json\/wp\/v2\/product\/12145","targetHints":{"allow":["GET"]}}],"collection":[{"href":"https:\/\/finncoin.com\/fi\/wp-json\/wp\/v2\/product"}],"about":[{"href":"https:\/\/finncoin.com\/fi\/wp-json\/wp\/v2\/types\/product"}],"wp:featuredmedia":[{"embeddable":true,"href":"https:\/\/finncoin.com\/fi\/wp-json\/wp\/v2\/media\/12143"}],"wp:attachment":[{"href":"https:\/\/finncoin.com\/fi\/wp-json\/wp\/v2\/media?parent=12145"}],"wp:term":[{"taxonomy":"product_brand","embeddable":true,"href":"https:\/\/finncoin.com\/fi\/wp-json\/wp\/v2\/product_brand?post=12145"},{"taxonomy":"product_cat","embeddable":true,"href":"https:\/\/finncoin.com\/fi\/wp-json\/wp\/v2\/product_cat?post=12145"},{"taxonomy":"product_tag","embeddable":true,"href":"https:\/\/finncoin.com\/fi\/wp-json\/wp\/v2\/product_tag?post=12145"}],"curies":[{"name":"wp","href":"https:\/\/api.w.org\/{rel}","templated":true}]}}