{"id":12047,"date":"2022-08-28T14:14:17","date_gmt":"2022-08-28T11:14:17","guid":{"rendered":"https:\/\/finncoin.com\/?post_type=product&#038;p=12047"},"modified":"2026-01-28T12:09:44","modified_gmt":"2026-01-28T10:09:44","slug":"suomen-kansallinen-ammattikuntajarjesto-ska-jasenmerkki-3","status":"publish","type":"product","link":"https:\/\/finncoin.com\/fi\/product\/suomen-kansallinen-ammattikuntajarjesto-ska-jasenmerkki-3\/","title":{"rendered":"Suomen Kansallinen Ammattikuntaj\u00e4rjest\u00f6, SKA J\u00e4senmerkki"},"content":{"rendered":"","protected":false},"excerpt":{"rendered":"<p>18mm<\/p>\n<p>Kunto: Hyv\u00e4<\/p>\n","protected":false},"featured_media":12053,"template":"","meta":{"_acf_changed":false},"product_brand":[],"product_cat":[309],"product_tag":[],"class_list":{"0":"post-12047","1":"product","2":"type-product","3":"status-publish","4":"has-post-thumbnail","6":"product_cat-ikl","7":"product_shipping_class-kirjeposti","9":"first","10":"instock","11":"sold-individually","12":"shipping-taxable","13":"purchasable","14":"product-type-simple"},"acf":[],"_links":{"self":[{"href":"https:\/\/finncoin.com\/fi\/wp-json\/wp\/v2\/product\/12047","targetHints":{"allow":["GET"]}}],"collection":[{"href":"https:\/\/finncoin.com\/fi\/wp-json\/wp\/v2\/product"}],"about":[{"href":"https:\/\/finncoin.com\/fi\/wp-json\/wp\/v2\/types\/product"}],"wp:featuredmedia":[{"embeddable":true,"href":"https:\/\/finncoin.com\/fi\/wp-json\/wp\/v2\/media\/12053"}],"wp:attachment":[{"href":"https:\/\/finncoin.com\/fi\/wp-json\/wp\/v2\/media?parent=12047"}],"wp:term":[{"taxonomy":"product_brand","embeddable":true,"href":"https:\/\/finncoin.com\/fi\/wp-json\/wp\/v2\/product_brand?post=12047"},{"taxonomy":"product_cat","embeddable":true,"href":"https:\/\/finncoin.com\/fi\/wp-json\/wp\/v2\/product_cat?post=12047"},{"taxonomy":"product_tag","embeddable":true,"href":"https:\/\/finncoin.com\/fi\/wp-json\/wp\/v2\/product_tag?post=12047"}],"curies":[{"name":"wp","href":"https:\/\/api.w.org\/{rel}","templated":true}]}}