{"id":12045,"date":"2022-08-28T14:09:40","date_gmt":"2022-08-28T11:10:14","guid":{"rendered":"https:\/\/finncoin.com\/?post_type=product&#038;p=12045"},"modified":"2022-08-28T14:10:15","modified_gmt":"2022-08-28T11:10:15","slug":"suomen-kansallinen-ammattikuntajarjesto-ska-jasenmerkki-2","status":"publish","type":"product","link":"https:\/\/finncoin.com\/fi\/product\/suomen-kansallinen-ammattikuntajarjesto-ska-jasenmerkki-2\/","title":{"rendered":"Suomen Kansallinen Ammattikuntaj\u00e4rjest\u00f6, SKA J\u00e4senmerkki"},"content":{"rendered":"","protected":false},"excerpt":{"rendered":"<p>18mm<\/p>\n<p>Kunto: Hyv\u00e4<\/p>\n","protected":false},"featured_media":12043,"template":"","meta":{"_acf_changed":false},"product_brand":[],"product_cat":[309],"product_tag":[],"class_list":{"0":"post-12045","1":"product","2":"type-product","3":"status-publish","4":"has-post-thumbnail","6":"product_cat-ikl","8":"first","9":"outofstock","10":"sold-individually","11":"shipping-taxable","12":"purchasable","13":"product-type-simple"},"acf":[],"_links":{"self":[{"href":"https:\/\/finncoin.com\/fi\/wp-json\/wp\/v2\/product\/12045","targetHints":{"allow":["GET"]}}],"collection":[{"href":"https:\/\/finncoin.com\/fi\/wp-json\/wp\/v2\/product"}],"about":[{"href":"https:\/\/finncoin.com\/fi\/wp-json\/wp\/v2\/types\/product"}],"wp:featuredmedia":[{"embeddable":true,"href":"https:\/\/finncoin.com\/fi\/wp-json\/wp\/v2\/media\/12043"}],"wp:attachment":[{"href":"https:\/\/finncoin.com\/fi\/wp-json\/wp\/v2\/media?parent=12045"}],"wp:term":[{"taxonomy":"product_brand","embeddable":true,"href":"https:\/\/finncoin.com\/fi\/wp-json\/wp\/v2\/product_brand?post=12045"},{"taxonomy":"product_cat","embeddable":true,"href":"https:\/\/finncoin.com\/fi\/wp-json\/wp\/v2\/product_cat?post=12045"},{"taxonomy":"product_tag","embeddable":true,"href":"https:\/\/finncoin.com\/fi\/wp-json\/wp\/v2\/product_tag?post=12045"}],"curies":[{"name":"wp","href":"https:\/\/api.w.org\/{rel}","templated":true}]}}