{"id":119867,"date":"2025-10-10T11:08:07","date_gmt":"2025-10-10T08:08:07","guid":{"rendered":"https:\/\/finncoin.com\/?post_type=product&#038;p=119867"},"modified":"2025-10-10T11:08:08","modified_gmt":"2025-10-10T08:08:08","slug":"era-kunniamerkkeja-ja-mitaleita-henkilokokonaisuus","status":"publish","type":"product","link":"https:\/\/finncoin.com\/fi\/product\/era-kunniamerkkeja-ja-mitaleita-henkilokokonaisuus\/","title":{"rendered":"Er\u00e4 kunniamerkkej\u00e4 ja mitaleita, henkil\u00f6kokonaisuus"},"content":{"rendered":"","protected":false},"excerpt":{"rendered":"<p>Saksan kotkan ritarikunta, 2. luokka Miekoilla &#8211; denatsifikaatio<\/p>\n<p>Kunto: Hyv\u00e4<\/p>\n","protected":false},"featured_media":119917,"template":"","meta":{"_acf_changed":false},"product_brand":[],"product_cat":[84,89],"product_tag":[],"class_list":{"0":"post-119867","1":"product","2":"type-product","3":"status-publish","4":"has-post-thumbnail","6":"product_cat-jatkosota-1941-1945","7":"product_cat-talvisota-1939-1940","8":"product_shipping_class-pakettiposti","10":"first","11":"instock","12":"shipping-taxable","13":"purchasable","14":"product-type-simple"},"acf":[],"_links":{"self":[{"href":"https:\/\/finncoin.com\/fi\/wp-json\/wp\/v2\/product\/119867","targetHints":{"allow":["GET"]}}],"collection":[{"href":"https:\/\/finncoin.com\/fi\/wp-json\/wp\/v2\/product"}],"about":[{"href":"https:\/\/finncoin.com\/fi\/wp-json\/wp\/v2\/types\/product"}],"wp:featuredmedia":[{"embeddable":true,"href":"https:\/\/finncoin.com\/fi\/wp-json\/wp\/v2\/media\/119917"}],"wp:attachment":[{"href":"https:\/\/finncoin.com\/fi\/wp-json\/wp\/v2\/media?parent=119867"}],"wp:term":[{"taxonomy":"product_brand","embeddable":true,"href":"https:\/\/finncoin.com\/fi\/wp-json\/wp\/v2\/product_brand?post=119867"},{"taxonomy":"product_cat","embeddable":true,"href":"https:\/\/finncoin.com\/fi\/wp-json\/wp\/v2\/product_cat?post=119867"},{"taxonomy":"product_tag","embeddable":true,"href":"https:\/\/finncoin.com\/fi\/wp-json\/wp\/v2\/product_tag?post=119867"}],"curies":[{"name":"wp","href":"https:\/\/api.w.org\/{rel}","templated":true}]}}