{"id":118375,"date":"2025-09-30T15:08:09","date_gmt":"2025-09-30T12:08:09","guid":{"rendered":"https:\/\/finncoin.com\/?post_type=product&#038;p=118375"},"modified":"2025-09-30T15:08:10","modified_gmt":"2025-09-30T12:08:10","slug":"manu-linjanvetaja-pronssireliefi-signeerattu-kimmo-pyykko-1982","status":"publish","type":"product","link":"https:\/\/finncoin.com\/fi\/product\/manu-linjanvetaja-pronssireliefi-signeerattu-kimmo-pyykko-1982\/","title":{"rendered":"Manu-linjanvet\u00e4j\u00e4 pronssireliefi, signeerattu Kimmo Pyykk\u00f6, 1982"},"content":{"rendered":"","protected":false},"excerpt":{"rendered":"<p>Pronssia<\/p>\n<p>11,5 x 9cm<\/p>\n<p>Kunto: Hyv\u00e4<\/p>\n","protected":false},"featured_media":118385,"template":"","meta":{"_acf_changed":false},"product_brand":[],"product_cat":[249],"product_tag":[],"class_list":{"0":"post-118375","1":"product","2":"type-product","3":"status-publish","4":"has-post-thumbnail","6":"product_cat-exonumia-fi","7":"product_shipping_class-pakettiposti","9":"first","10":"outofstock","11":"shipping-taxable","12":"purchasable","13":"product-type-simple"},"acf":[],"_links":{"self":[{"href":"https:\/\/finncoin.com\/fi\/wp-json\/wp\/v2\/product\/118375","targetHints":{"allow":["GET"]}}],"collection":[{"href":"https:\/\/finncoin.com\/fi\/wp-json\/wp\/v2\/product"}],"about":[{"href":"https:\/\/finncoin.com\/fi\/wp-json\/wp\/v2\/types\/product"}],"wp:featuredmedia":[{"embeddable":true,"href":"https:\/\/finncoin.com\/fi\/wp-json\/wp\/v2\/media\/118385"}],"wp:attachment":[{"href":"https:\/\/finncoin.com\/fi\/wp-json\/wp\/v2\/media?parent=118375"}],"wp:term":[{"taxonomy":"product_brand","embeddable":true,"href":"https:\/\/finncoin.com\/fi\/wp-json\/wp\/v2\/product_brand?post=118375"},{"taxonomy":"product_cat","embeddable":true,"href":"https:\/\/finncoin.com\/fi\/wp-json\/wp\/v2\/product_cat?post=118375"},{"taxonomy":"product_tag","embeddable":true,"href":"https:\/\/finncoin.com\/fi\/wp-json\/wp\/v2\/product_tag?post=118375"}],"curies":[{"name":"wp","href":"https:\/\/api.w.org\/{rel}","templated":true}]}}