{"id":117427,"date":"2025-09-26T13:01:21","date_gmt":"2025-09-26T10:03:53","guid":{"rendered":"https:\/\/finncoin.com\/?post_type=product&#038;p=117427"},"modified":"2025-09-26T13:03:54","modified_gmt":"2025-09-26T10:03:54","slug":"1-markka-1916-18330995-painettu-itsenaisyyspaivana-6-12-1917","status":"publish","type":"product","link":"https:\/\/finncoin.com\/fi\/product\/1-markka-1916-18330995-painettu-itsenaisyyspaivana-6-12-1917\/","title":{"rendered":"1 Markka 1916 18330995, Painettu itsen\u00e4isyysp\u00e4iv\u00e4n\u00e4 6.12.1917"},"content":{"rendered":"","protected":false},"excerpt":{"rendered":"<p>SNY 112.2.1<\/p>\n<p>Kunto: 1, repeytymi\u00e4, reik\u00e4<\/p>\n","protected":false},"featured_media":117425,"template":"","meta":{"_acf_changed":false},"product_brand":[],"product_cat":[644],"product_tag":[],"class_list":{"0":"post-117427","1":"product","2":"type-product","3":"status-publish","4":"has-post-thumbnail","6":"product_cat-1-markka-fi-4","8":"first","9":"instock","10":"shipping-taxable","11":"purchasable","12":"product-type-simple"},"acf":[],"_links":{"self":[{"href":"https:\/\/finncoin.com\/fi\/wp-json\/wp\/v2\/product\/117427","targetHints":{"allow":["GET"]}}],"collection":[{"href":"https:\/\/finncoin.com\/fi\/wp-json\/wp\/v2\/product"}],"about":[{"href":"https:\/\/finncoin.com\/fi\/wp-json\/wp\/v2\/types\/product"}],"wp:featuredmedia":[{"embeddable":true,"href":"https:\/\/finncoin.com\/fi\/wp-json\/wp\/v2\/media\/117425"}],"wp:attachment":[{"href":"https:\/\/finncoin.com\/fi\/wp-json\/wp\/v2\/media?parent=117427"}],"wp:term":[{"taxonomy":"product_brand","embeddable":true,"href":"https:\/\/finncoin.com\/fi\/wp-json\/wp\/v2\/product_brand?post=117427"},{"taxonomy":"product_cat","embeddable":true,"href":"https:\/\/finncoin.com\/fi\/wp-json\/wp\/v2\/product_cat?post=117427"},{"taxonomy":"product_tag","embeddable":true,"href":"https:\/\/finncoin.com\/fi\/wp-json\/wp\/v2\/product_tag?post=117427"}],"curies":[{"name":"wp","href":"https:\/\/api.w.org\/{rel}","templated":true}]}}