{"id":117341,"date":"2025-09-26T11:04:13","date_gmt":"2025-09-26T08:04:13","guid":{"rendered":"https:\/\/finncoin.com\/?post_type=product&#038;p=117341"},"modified":"2025-09-26T11:04:14","modified_gmt":"2025-09-26T08:04:14","slug":"1-markka-1916-kv-20654842-jarnefelt-hisinger-jagerskiold","status":"publish","type":"product","link":"https:\/\/finncoin.com\/fi\/product\/1-markka-1916-kv-20654842-jarnefelt-hisinger-jagerskiold\/","title":{"rendered":"1 Markka 1916 KV 20654842 J\u00e4rnefelt &#8211; Hisinger J\u00e4gerski\u00f6ld"},"content":{"rendered":"","protected":false},"excerpt":{"rendered":"<p>SNY 112.2.3<\/p>\n<p>Kunto: 1<\/p>\n","protected":false},"featured_media":117347,"template":"","meta":{"_acf_changed":false},"product_brand":[],"product_cat":[644],"product_tag":[],"class_list":{"0":"post-117341","1":"product","2":"type-product","3":"status-publish","4":"has-post-thumbnail","6":"product_cat-1-markka-fi-4","7":"product_shipping_class-kirjeposti","9":"first","10":"instock","11":"shipping-taxable","12":"purchasable","13":"product-type-simple"},"acf":[],"_links":{"self":[{"href":"https:\/\/finncoin.com\/fi\/wp-json\/wp\/v2\/product\/117341","targetHints":{"allow":["GET"]}}],"collection":[{"href":"https:\/\/finncoin.com\/fi\/wp-json\/wp\/v2\/product"}],"about":[{"href":"https:\/\/finncoin.com\/fi\/wp-json\/wp\/v2\/types\/product"}],"wp:featuredmedia":[{"embeddable":true,"href":"https:\/\/finncoin.com\/fi\/wp-json\/wp\/v2\/media\/117347"}],"wp:attachment":[{"href":"https:\/\/finncoin.com\/fi\/wp-json\/wp\/v2\/media?parent=117341"}],"wp:term":[{"taxonomy":"product_brand","embeddable":true,"href":"https:\/\/finncoin.com\/fi\/wp-json\/wp\/v2\/product_brand?post=117341"},{"taxonomy":"product_cat","embeddable":true,"href":"https:\/\/finncoin.com\/fi\/wp-json\/wp\/v2\/product_cat?post=117341"},{"taxonomy":"product_tag","embeddable":true,"href":"https:\/\/finncoin.com\/fi\/wp-json\/wp\/v2\/product_tag?post=117341"}],"curies":[{"name":"wp","href":"https:\/\/api.w.org\/{rel}","templated":true}]}}