{"id":11733,"date":"2022-08-25T11:32:03","date_gmt":"2022-08-25T08:32:03","guid":{"rendered":"https:\/\/finncoin.com\/?post_type=product&#038;p=11733"},"modified":"2022-08-25T11:32:03","modified_gmt":"2022-08-25T08:32:03","slug":"neuvostoliitto-valmis-tyohon-ja-puolustukseen-646457","status":"publish","type":"product","link":"https:\/\/finncoin.com\/fi\/product\/neuvostoliitto-valmis-tyohon-ja-puolustukseen-646457\/","title":{"rendered":"Neuvostoliitto valmis ty\u00f6h\u00f6n ja puolustukseen #646457"},"content":{"rendered":"","protected":false},"excerpt":{"rendered":"<p>Kunto: Tyydytt\u00e4v\u00e4, emalit ehj\u00e4t, ilman ruuvi<\/p>\n<p>77 x 30mm<\/p>\n","protected":false},"featured_media":11751,"template":"","meta":{"_acf_changed":false},"product_brand":[],"product_cat":[97],"product_tag":[],"class_list":{"0":"post-11733","1":"product","2":"type-product","3":"status-publish","4":"has-post-thumbnail","6":"product_cat-venalaiset-mitalit-1922-1991","7":"product_shipping_class-kirjeposti","9":"first","10":"instock","11":"sold-individually","12":"shipping-taxable","13":"purchasable","14":"product-type-simple"},"acf":[],"_links":{"self":[{"href":"https:\/\/finncoin.com\/fi\/wp-json\/wp\/v2\/product\/11733","targetHints":{"allow":["GET"]}}],"collection":[{"href":"https:\/\/finncoin.com\/fi\/wp-json\/wp\/v2\/product"}],"about":[{"href":"https:\/\/finncoin.com\/fi\/wp-json\/wp\/v2\/types\/product"}],"wp:featuredmedia":[{"embeddable":true,"href":"https:\/\/finncoin.com\/fi\/wp-json\/wp\/v2\/media\/11751"}],"wp:attachment":[{"href":"https:\/\/finncoin.com\/fi\/wp-json\/wp\/v2\/media?parent=11733"}],"wp:term":[{"taxonomy":"product_brand","embeddable":true,"href":"https:\/\/finncoin.com\/fi\/wp-json\/wp\/v2\/product_brand?post=11733"},{"taxonomy":"product_cat","embeddable":true,"href":"https:\/\/finncoin.com\/fi\/wp-json\/wp\/v2\/product_cat?post=11733"},{"taxonomy":"product_tag","embeddable":true,"href":"https:\/\/finncoin.com\/fi\/wp-json\/wp\/v2\/product_tag?post=11733"}],"curies":[{"name":"wp","href":"https:\/\/api.w.org\/{rel}","templated":true}]}}