{"id":11707,"date":"2022-08-25T11:07:23","date_gmt":"2022-08-25T08:07:23","guid":{"rendered":"https:\/\/finncoin.com\/?post_type=product&#038;p=11707"},"modified":"2022-08-25T11:08:24","modified_gmt":"2022-08-25T08:08:24","slug":"uudenmaan-ja-hameen-laanien-maanviljelysseura-1880-1890-hopeamitali-2","status":"publish","type":"product","link":"https:\/\/finncoin.com\/fi\/product\/uudenmaan-ja-hameen-laanien-maanviljelysseura-1880-1890-hopeamitali-2\/","title":{"rendered":"Uudenmaan ja H\u00e4meen l\u00e4\u00e4nien maanviljelysseura 1880-1890 hopeamitali"},"content":{"rendered":"","protected":false},"excerpt":{"rendered":"<p>hopeaa<\/p>\n<p>42mm<\/p>\n<p>29,36g<\/p>\n<p>taiteilija: Emil Weigand &amp; G. Loos<\/p>\n<p>kunto: 1+\/01, pieni naarmuja &amp; reuna vikaa<\/p>\n","protected":false},"featured_media":73717,"template":"","meta":{"_acf_changed":false},"product_brand":[],"product_cat":[96],"product_tag":[],"class_list":{"0":"post-11707","1":"product","2":"type-product","3":"status-publish","4":"has-post-thumbnail","6":"product_cat-venalaiset-mitalit-1700-1917","8":"first","9":"outofstock","10":"sold-individually","11":"shipping-taxable","12":"purchasable","13":"product-type-simple"},"acf":[],"_links":{"self":[{"href":"https:\/\/finncoin.com\/fi\/wp-json\/wp\/v2\/product\/11707","targetHints":{"allow":["GET"]}}],"collection":[{"href":"https:\/\/finncoin.com\/fi\/wp-json\/wp\/v2\/product"}],"about":[{"href":"https:\/\/finncoin.com\/fi\/wp-json\/wp\/v2\/types\/product"}],"wp:featuredmedia":[{"embeddable":true,"href":"https:\/\/finncoin.com\/fi\/wp-json\/wp\/v2\/media\/73717"}],"wp:attachment":[{"href":"https:\/\/finncoin.com\/fi\/wp-json\/wp\/v2\/media?parent=11707"}],"wp:term":[{"taxonomy":"product_brand","embeddable":true,"href":"https:\/\/finncoin.com\/fi\/wp-json\/wp\/v2\/product_brand?post=11707"},{"taxonomy":"product_cat","embeddable":true,"href":"https:\/\/finncoin.com\/fi\/wp-json\/wp\/v2\/product_cat?post=11707"},{"taxonomy":"product_tag","embeddable":true,"href":"https:\/\/finncoin.com\/fi\/wp-json\/wp\/v2\/product_tag?post=11707"}],"curies":[{"name":"wp","href":"https:\/\/api.w.org\/{rel}","templated":true}]}}