{"id":116579,"date":"2025-09-23T13:28:05","date_gmt":"2025-09-23T10:28:46","guid":{"rendered":"https:\/\/finncoin.com\/?post_type=product&#038;p=116579"},"modified":"2025-09-23T13:28:46","modified_gmt":"2025-09-23T10:28:46","slug":"venaja-luoteis-venaja-500-ruplaa-1919","status":"publish","type":"product","link":"https:\/\/finncoin.com\/fi\/product\/venaja-luoteis-venaja-500-ruplaa-1919\/","title":{"rendered":"Ven\u00e4j\u00e4, Luoteis-Ven\u00e4j\u00e4 500 Ruplaa 1919"},"content":{"rendered":"","protected":false},"excerpt":{"rendered":"<p>P# S209<\/p>\n<p>Kunto: 1\/1+<\/p>\n","protected":false},"featured_media":116577,"template":"","meta":{"_acf_changed":false},"product_brand":[],"product_cat":[227],"product_tag":[],"class_list":{"0":"post-116579","1":"product","2":"type-product","3":"status-publish","4":"has-post-thumbnail","6":"product_cat-keisarillisen-venaja","8":"first","9":"outofstock","10":"shipping-taxable","11":"purchasable","12":"product-type-simple"},"acf":[],"_links":{"self":[{"href":"https:\/\/finncoin.com\/fi\/wp-json\/wp\/v2\/product\/116579","targetHints":{"allow":["GET"]}}],"collection":[{"href":"https:\/\/finncoin.com\/fi\/wp-json\/wp\/v2\/product"}],"about":[{"href":"https:\/\/finncoin.com\/fi\/wp-json\/wp\/v2\/types\/product"}],"wp:featuredmedia":[{"embeddable":true,"href":"https:\/\/finncoin.com\/fi\/wp-json\/wp\/v2\/media\/116577"}],"wp:attachment":[{"href":"https:\/\/finncoin.com\/fi\/wp-json\/wp\/v2\/media?parent=116579"}],"wp:term":[{"taxonomy":"product_brand","embeddable":true,"href":"https:\/\/finncoin.com\/fi\/wp-json\/wp\/v2\/product_brand?post=116579"},{"taxonomy":"product_cat","embeddable":true,"href":"https:\/\/finncoin.com\/fi\/wp-json\/wp\/v2\/product_cat?post=116579"},{"taxonomy":"product_tag","embeddable":true,"href":"https:\/\/finncoin.com\/fi\/wp-json\/wp\/v2\/product_tag?post=116579"}],"curies":[{"name":"wp","href":"https:\/\/api.w.org\/{rel}","templated":true}]}}