{"id":11643,"date":"2022-08-24T14:40:04","date_gmt":"2022-08-24T11:40:04","guid":{"rendered":"https:\/\/finncoin.com\/?post_type=product&#038;p=11643"},"modified":"2024-08-07T09:07:44","modified_gmt":"2024-08-07T06:07:44","slug":"svarta-bruk-sa-1801-i-l-k-1-last-kol","status":"publish","type":"product","link":"https:\/\/finncoin.com\/fi\/product\/svarta-bruk-sa-1801-i-l-k-1-last-kol\/","title":{"rendered":"Svart\u00e5 Bruk S\u00c5 1801, I.L.K (1 L\u00e4st Kol)"},"content":{"rendered":"","protected":false},"excerpt":{"rendered":"<p>33mm<\/p>\n<p>Kunto: 1?\/1<\/p>\n","protected":false},"featured_media":75715,"template":"","meta":{"_acf_changed":false},"product_brand":[],"product_cat":[245],"product_tag":[],"class_list":{"0":"post-11643","1":"product","2":"type-product","3":"status-publish","4":"has-post-thumbnail","6":"product_cat-poletit","7":"product_shipping_class-kirjeposti","9":"first","10":"instock","11":"sold-individually","12":"shipping-taxable","13":"purchasable","14":"product-type-simple"},"acf":[],"_links":{"self":[{"href":"https:\/\/finncoin.com\/fi\/wp-json\/wp\/v2\/product\/11643","targetHints":{"allow":["GET"]}}],"collection":[{"href":"https:\/\/finncoin.com\/fi\/wp-json\/wp\/v2\/product"}],"about":[{"href":"https:\/\/finncoin.com\/fi\/wp-json\/wp\/v2\/types\/product"}],"wp:featuredmedia":[{"embeddable":true,"href":"https:\/\/finncoin.com\/fi\/wp-json\/wp\/v2\/media\/75715"}],"wp:attachment":[{"href":"https:\/\/finncoin.com\/fi\/wp-json\/wp\/v2\/media?parent=11643"}],"wp:term":[{"taxonomy":"product_brand","embeddable":true,"href":"https:\/\/finncoin.com\/fi\/wp-json\/wp\/v2\/product_brand?post=11643"},{"taxonomy":"product_cat","embeddable":true,"href":"https:\/\/finncoin.com\/fi\/wp-json\/wp\/v2\/product_cat?post=11643"},{"taxonomy":"product_tag","embeddable":true,"href":"https:\/\/finncoin.com\/fi\/wp-json\/wp\/v2\/product_tag?post=11643"}],"curies":[{"name":"wp","href":"https:\/\/api.w.org\/{rel}","templated":true}]}}