{"id":114663,"date":"2025-09-15T13:57:50","date_gmt":"2025-09-15T10:57:50","guid":{"rendered":"https:\/\/finncoin.com\/?post_type=product&#038;p=114663"},"modified":"2025-09-15T13:57:51","modified_gmt":"2025-09-15T10:57:51","slug":"venaja-luoteis-venaja-1919-1000-ruplaa","status":"publish","type":"product","link":"https:\/\/finncoin.com\/fi\/product\/venaja-luoteis-venaja-1919-1000-ruplaa\/","title":{"rendered":"Ven\u00e4j\u00e4, Luoteis-Ven\u00e4j\u00e4 1919 1000 Ruplaa"},"content":{"rendered":"","protected":false},"excerpt":{"rendered":"<p>Pick#\u00a0 S210<\/p>\n<p>Kunto: 1<\/p>\n","protected":false},"featured_media":114669,"template":"","meta":{"_acf_changed":false},"product_brand":[],"product_cat":[227],"product_tag":[],"class_list":{"0":"post-114663","1":"product","2":"type-product","3":"status-publish","4":"has-post-thumbnail","6":"product_cat-keisarillisen-venaja","7":"product_shipping_class-kirjeposti","9":"first","10":"instock","11":"shipping-taxable","12":"purchasable","13":"product-type-simple"},"acf":[],"_links":{"self":[{"href":"https:\/\/finncoin.com\/fi\/wp-json\/wp\/v2\/product\/114663","targetHints":{"allow":["GET"]}}],"collection":[{"href":"https:\/\/finncoin.com\/fi\/wp-json\/wp\/v2\/product"}],"about":[{"href":"https:\/\/finncoin.com\/fi\/wp-json\/wp\/v2\/types\/product"}],"wp:featuredmedia":[{"embeddable":true,"href":"https:\/\/finncoin.com\/fi\/wp-json\/wp\/v2\/media\/114669"}],"wp:attachment":[{"href":"https:\/\/finncoin.com\/fi\/wp-json\/wp\/v2\/media?parent=114663"}],"wp:term":[{"taxonomy":"product_brand","embeddable":true,"href":"https:\/\/finncoin.com\/fi\/wp-json\/wp\/v2\/product_brand?post=114663"},{"taxonomy":"product_cat","embeddable":true,"href":"https:\/\/finncoin.com\/fi\/wp-json\/wp\/v2\/product_cat?post=114663"},{"taxonomy":"product_tag","embeddable":true,"href":"https:\/\/finncoin.com\/fi\/wp-json\/wp\/v2\/product_tag?post=114663"}],"curies":[{"name":"wp","href":"https:\/\/api.w.org\/{rel}","templated":true}]}}