{"id":113443,"date":"2025-09-08T13:16:53","date_gmt":"2025-09-08T10:16:53","guid":{"rendered":"https:\/\/finncoin.com\/?post_type=product&#038;p=113443"},"modified":"2025-09-08T13:16:54","modified_gmt":"2025-09-08T10:16:54","slug":"100-markkaa-1986-korvaava-5991108019-kullberg-hamalainen","status":"publish","type":"product","link":"https:\/\/finncoin.com\/fi\/product\/100-markkaa-1986-korvaava-5991108019-kullberg-hamalainen\/","title":{"rendered":"100 Markkaa 1986 Korvaava 5991108019 Kullberg \u2013 H\u00e4m\u00e4l\u00e4inen"},"content":{"rendered":"","protected":false},"excerpt":{"rendered":"<p>SNY 185.2<\/p>\n<p>Kunto: 1+<\/p>\n","protected":false},"featured_media":113449,"template":"","meta":{"_acf_changed":false},"product_brand":[],"product_cat":[985],"product_tag":[],"class_list":{"0":"post-113443","1":"product","2":"type-product","3":"status-publish","4":"has-post-thumbnail","6":"product_cat-100-mk-1986-korvaava","7":"product_shipping_class-kirjeposti","9":"first","10":"instock","11":"shipping-taxable","12":"purchasable","13":"product-type-simple"},"acf":[],"_links":{"self":[{"href":"https:\/\/finncoin.com\/fi\/wp-json\/wp\/v2\/product\/113443","targetHints":{"allow":["GET"]}}],"collection":[{"href":"https:\/\/finncoin.com\/fi\/wp-json\/wp\/v2\/product"}],"about":[{"href":"https:\/\/finncoin.com\/fi\/wp-json\/wp\/v2\/types\/product"}],"wp:featuredmedia":[{"embeddable":true,"href":"https:\/\/finncoin.com\/fi\/wp-json\/wp\/v2\/media\/113449"}],"wp:attachment":[{"href":"https:\/\/finncoin.com\/fi\/wp-json\/wp\/v2\/media?parent=113443"}],"wp:term":[{"taxonomy":"product_brand","embeddable":true,"href":"https:\/\/finncoin.com\/fi\/wp-json\/wp\/v2\/product_brand?post=113443"},{"taxonomy":"product_cat","embeddable":true,"href":"https:\/\/finncoin.com\/fi\/wp-json\/wp\/v2\/product_cat?post=113443"},{"taxonomy":"product_tag","embeddable":true,"href":"https:\/\/finncoin.com\/fi\/wp-json\/wp\/v2\/product_tag?post=113443"}],"curies":[{"name":"wp","href":"https:\/\/api.w.org\/{rel}","templated":true}]}}