{"id":113365,"date":"2025-09-08T12:38:54","date_gmt":"2025-09-08T09:39:38","guid":{"rendered":"https:\/\/finncoin.com\/?post_type=product&#038;p=113365"},"modified":"2026-04-05T16:40:02","modified_gmt":"2026-04-05T13:40:02","slug":"100-markkaa-1986-korvaava-5991245980-kullberg-hamalainen","status":"publish","type":"product","link":"https:\/\/finncoin.com\/fi\/product\/100-markkaa-1986-korvaava-5991245980-kullberg-hamalainen\/","title":{"rendered":"100 Markkaa 1986 Korvaava 5991245980 Kullberg \u2013 H\u00e4m\u00e4l\u00e4inen"},"content":{"rendered":"","protected":false},"excerpt":{"rendered":"<p>SNY 185.2<\/p>\n<p>Kunto: 1+<\/p>\n","protected":false},"featured_media":113363,"template":"","meta":{"_acf_changed":false},"product_brand":[],"product_cat":[985],"product_tag":[],"class_list":{"0":"post-113365","1":"product","2":"type-product","3":"status-publish","4":"has-post-thumbnail","6":"product_cat-100-mk-1986-korvaava","8":"first","9":"outofstock","10":"shipping-taxable","11":"purchasable","12":"product-type-simple"},"acf":[],"_links":{"self":[{"href":"https:\/\/finncoin.com\/fi\/wp-json\/wp\/v2\/product\/113365","targetHints":{"allow":["GET"]}}],"collection":[{"href":"https:\/\/finncoin.com\/fi\/wp-json\/wp\/v2\/product"}],"about":[{"href":"https:\/\/finncoin.com\/fi\/wp-json\/wp\/v2\/types\/product"}],"wp:featuredmedia":[{"embeddable":true,"href":"https:\/\/finncoin.com\/fi\/wp-json\/wp\/v2\/media\/113363"}],"wp:attachment":[{"href":"https:\/\/finncoin.com\/fi\/wp-json\/wp\/v2\/media?parent=113365"}],"wp:term":[{"taxonomy":"product_brand","embeddable":true,"href":"https:\/\/finncoin.com\/fi\/wp-json\/wp\/v2\/product_brand?post=113365"},{"taxonomy":"product_cat","embeddable":true,"href":"https:\/\/finncoin.com\/fi\/wp-json\/wp\/v2\/product_cat?post=113365"},{"taxonomy":"product_tag","embeddable":true,"href":"https:\/\/finncoin.com\/fi\/wp-json\/wp\/v2\/product_tag?post=113365"}],"curies":[{"name":"wp","href":"https:\/\/api.w.org\/{rel}","templated":true}]}}