{"id":112847,"date":"2025-09-04T11:36:30","date_gmt":"2025-09-04T08:39:24","guid":{"rendered":"https:\/\/finncoin.com\/?post_type=product&#038;p=112847"},"modified":"2025-11-13T06:17:40","modified_gmt":"2025-11-13T04:17:40","slug":"paamajan-risti-1939-1945-myontokirja","status":"publish","type":"product","link":"https:\/\/finncoin.com\/fi\/product\/paamajan-risti-1939-1945-myontokirja\/","title":{"rendered":"P\u00e4\u00e4majan risti 1939-1945 + my\u00f6nt\u00f6kirja"},"content":{"rendered":"","protected":false},"excerpt":{"rendered":"<p>Hopeoitu valkometalli<\/p>\n<p>41 x 41mm<\/p>\n<p>Tiainen 9.2.1<\/p>\n<p>Kunto: Hyv\u00e4<\/p>\n","protected":false},"featured_media":112845,"template":"","meta":{"_acf_changed":false},"product_brand":[],"product_cat":[84,89],"product_tag":[],"class_list":{"0":"post-112847","1":"product","2":"type-product","3":"status-publish","4":"has-post-thumbnail","6":"product_cat-jatkosota-1941-1945","7":"product_cat-talvisota-1939-1940","9":"first","10":"outofstock","11":"shipping-taxable","12":"purchasable","13":"product-type-simple"},"acf":[],"_links":{"self":[{"href":"https:\/\/finncoin.com\/fi\/wp-json\/wp\/v2\/product\/112847","targetHints":{"allow":["GET"]}}],"collection":[{"href":"https:\/\/finncoin.com\/fi\/wp-json\/wp\/v2\/product"}],"about":[{"href":"https:\/\/finncoin.com\/fi\/wp-json\/wp\/v2\/types\/product"}],"wp:featuredmedia":[{"embeddable":true,"href":"https:\/\/finncoin.com\/fi\/wp-json\/wp\/v2\/media\/112845"}],"wp:attachment":[{"href":"https:\/\/finncoin.com\/fi\/wp-json\/wp\/v2\/media?parent=112847"}],"wp:term":[{"taxonomy":"product_brand","embeddable":true,"href":"https:\/\/finncoin.com\/fi\/wp-json\/wp\/v2\/product_brand?post=112847"},{"taxonomy":"product_cat","embeddable":true,"href":"https:\/\/finncoin.com\/fi\/wp-json\/wp\/v2\/product_cat?post=112847"},{"taxonomy":"product_tag","embeddable":true,"href":"https:\/\/finncoin.com\/fi\/wp-json\/wp\/v2\/product_tag?post=112847"}],"curies":[{"name":"wp","href":"https:\/\/api.w.org\/{rel}","templated":true}]}}