{"id":111769,"date":"2025-08-29T15:55:49","date_gmt":"2025-08-29T12:55:49","guid":{"rendered":"https:\/\/finncoin.com\/?post_type=product&#038;p=111769"},"modified":"2025-08-29T15:55:50","modified_gmt":"2025-08-29T12:55:50","slug":"tapio-wirkkalan-kahvilusikat-6-kpl-terasta","status":"publish","type":"product","link":"https:\/\/finncoin.com\/fi\/product\/tapio-wirkkalan-kahvilusikat-6-kpl-terasta\/","title":{"rendered":"Tapio Wirkkalan kahvilusikat 6 kpl, ter\u00e4st\u00e4"},"content":{"rendered":"","protected":false},"excerpt":{"rendered":"<p>Ter\u00e4s<\/p>\n<p>12,2cm<\/p>\n<p>Kunto: Hyv\u00e4\/Uudenveroinen<\/p>\n","protected":false},"featured_media":111779,"template":"","meta":{"_acf_changed":false},"product_brand":[],"product_cat":[768],"product_tag":[],"class_list":{"0":"post-111769","1":"product","2":"type-product","3":"status-publish","4":"has-post-thumbnail","6":"product_cat-design-fi","7":"product_shipping_class-kirjeposti","9":"first","10":"instock","11":"shipping-taxable","12":"purchasable","13":"product-type-simple"},"acf":[],"_links":{"self":[{"href":"https:\/\/finncoin.com\/fi\/wp-json\/wp\/v2\/product\/111769","targetHints":{"allow":["GET"]}}],"collection":[{"href":"https:\/\/finncoin.com\/fi\/wp-json\/wp\/v2\/product"}],"about":[{"href":"https:\/\/finncoin.com\/fi\/wp-json\/wp\/v2\/types\/product"}],"wp:featuredmedia":[{"embeddable":true,"href":"https:\/\/finncoin.com\/fi\/wp-json\/wp\/v2\/media\/111779"}],"wp:attachment":[{"href":"https:\/\/finncoin.com\/fi\/wp-json\/wp\/v2\/media?parent=111769"}],"wp:term":[{"taxonomy":"product_brand","embeddable":true,"href":"https:\/\/finncoin.com\/fi\/wp-json\/wp\/v2\/product_brand?post=111769"},{"taxonomy":"product_cat","embeddable":true,"href":"https:\/\/finncoin.com\/fi\/wp-json\/wp\/v2\/product_cat?post=111769"},{"taxonomy":"product_tag","embeddable":true,"href":"https:\/\/finncoin.com\/fi\/wp-json\/wp\/v2\/product_tag?post=111769"}],"curies":[{"name":"wp","href":"https:\/\/api.w.org\/{rel}","templated":true}]}}