{"id":111355,"date":"2025-08-27T11:01:25","date_gmt":"2025-08-27T08:01:25","guid":{"rendered":"https:\/\/finncoin.com\/?post_type=product&#038;p=111355"},"modified":"2026-01-24T20:42:16","modified_gmt":"2026-01-24T18:42:16","slug":"5-markkaa-1909-sp-fb-18145898-jarnefelt-hisinger-jagerskiold","status":"publish","type":"product","link":"https:\/\/finncoin.com\/fi\/product\/5-markkaa-1909-sp-fb-18145898-jarnefelt-hisinger-jagerskiold\/","title":{"rendered":"5 Markkaa 1909 SP FB 18145898 J\u00e4rnefelt &#8211; Hisinger J\u00e4gerski\u00f6ld"},"content":{"rendered":"","protected":false},"excerpt":{"rendered":"<p>SNY 130.5<\/p>\n<p>Kunto: 1<\/p>\n","protected":false},"featured_media":111361,"template":"","meta":{"_acf_changed":false},"product_brand":[],"product_cat":[648],"product_tag":[],"class_list":{"0":"post-111355","1":"product","2":"type-product","3":"status-publish","4":"has-post-thumbnail","6":"product_cat-5-markkaa-fi-2","7":"product_shipping_class-kirjeposti","9":"first","10":"outofstock","11":"shipping-taxable","12":"purchasable","13":"product-type-simple"},"acf":[],"_links":{"self":[{"href":"https:\/\/finncoin.com\/fi\/wp-json\/wp\/v2\/product\/111355","targetHints":{"allow":["GET"]}}],"collection":[{"href":"https:\/\/finncoin.com\/fi\/wp-json\/wp\/v2\/product"}],"about":[{"href":"https:\/\/finncoin.com\/fi\/wp-json\/wp\/v2\/types\/product"}],"wp:featuredmedia":[{"embeddable":true,"href":"https:\/\/finncoin.com\/fi\/wp-json\/wp\/v2\/media\/111361"}],"wp:attachment":[{"href":"https:\/\/finncoin.com\/fi\/wp-json\/wp\/v2\/media?parent=111355"}],"wp:term":[{"taxonomy":"product_brand","embeddable":true,"href":"https:\/\/finncoin.com\/fi\/wp-json\/wp\/v2\/product_brand?post=111355"},{"taxonomy":"product_cat","embeddable":true,"href":"https:\/\/finncoin.com\/fi\/wp-json\/wp\/v2\/product_cat?post=111355"},{"taxonomy":"product_tag","embeddable":true,"href":"https:\/\/finncoin.com\/fi\/wp-json\/wp\/v2\/product_tag?post=111355"}],"curies":[{"name":"wp","href":"https:\/\/api.w.org\/{rel}","templated":true}]}}