{"id":110451,"date":"2025-08-19T15:16:11","date_gmt":"2025-08-19T12:16:11","guid":{"rendered":"https:\/\/finncoin.com\/?post_type=product&#038;p=110451"},"modified":"2025-08-23T08:36:50","modified_gmt":"2025-08-23T05:36:50","slug":"20-markkaa-1862-aikalainen-vaarennos-ex-holmasto-no-129","status":"publish","type":"product","link":"https:\/\/finncoin.com\/fi\/product\/20-markkaa-1862-aikalainen-vaarennos-ex-holmasto-no-129\/","title":{"rendered":"20 Markkaa 1862, Aikalainen v\u00e4\u00e4renn\u00f6s, ex. Holmasto No 129"},"content":{"rendered":"","protected":false},"excerpt":{"rendered":"<p>Ex. Holmasto Huutokauppa 11.10.2014 No: 129<\/p>\n<p>Kunto: 1?\/1, repeytymi\u00e4<\/p>\n","protected":false},"featured_media":110469,"template":"","meta":{"_acf_changed":false},"product_brand":[],"product_cat":[656],"product_tag":[],"class_list":{"0":"post-110451","1":"product","2":"type-product","3":"status-publish","4":"has-post-thumbnail","6":"product_cat-20-markkaa-fi-2","7":"product_shipping_class-kirjeposti","9":"first","10":"outofstock","11":"shipping-taxable","12":"purchasable","13":"product-type-simple"},"acf":[],"_links":{"self":[{"href":"https:\/\/finncoin.com\/fi\/wp-json\/wp\/v2\/product\/110451","targetHints":{"allow":["GET"]}}],"collection":[{"href":"https:\/\/finncoin.com\/fi\/wp-json\/wp\/v2\/product"}],"about":[{"href":"https:\/\/finncoin.com\/fi\/wp-json\/wp\/v2\/types\/product"}],"wp:featuredmedia":[{"embeddable":true,"href":"https:\/\/finncoin.com\/fi\/wp-json\/wp\/v2\/media\/110469"}],"wp:attachment":[{"href":"https:\/\/finncoin.com\/fi\/wp-json\/wp\/v2\/media?parent=110451"}],"wp:term":[{"taxonomy":"product_brand","embeddable":true,"href":"https:\/\/finncoin.com\/fi\/wp-json\/wp\/v2\/product_brand?post=110451"},{"taxonomy":"product_cat","embeddable":true,"href":"https:\/\/finncoin.com\/fi\/wp-json\/wp\/v2\/product_cat?post=110451"},{"taxonomy":"product_tag","embeddable":true,"href":"https:\/\/finncoin.com\/fi\/wp-json\/wp\/v2\/product_tag?post=110451"}],"curies":[{"name":"wp","href":"https:\/\/api.w.org\/{rel}","templated":true}]}}