{"id":10961,"date":"2022-08-12T15:10:19","date_gmt":"2022-08-12T12:10:19","guid":{"rendered":"https:\/\/finncoin.com\/?post_type=product&#038;p=10961"},"modified":"2022-08-12T15:10:20","modified_gmt":"2022-08-12T12:10:20","slug":"olympiakisat-helsingissa-ohjelma-kisapaikat-majoitus-paasyliput-esite","status":"publish","type":"product","link":"https:\/\/finncoin.com\/fi\/product\/olympiakisat-helsingissa-ohjelma-kisapaikat-majoitus-paasyliput-esite\/","title":{"rendered":"Olympiakisat Helsingiss\u00e4 Ohjelma Kisapaikat, Majoitus, P\u00e4\u00e4syliput -esite"},"content":{"rendered":"","protected":false},"excerpt":{"rendered":"<p>Painovuosi: 1952<br \/>\nSivut: 32<br \/>\nKieli: suomi<br \/>\nTeoksen mitat: 21 x 14,8cm<\/p>\n<p>Kunto: Hyv\u00e4<\/p>\n","protected":false},"featured_media":10987,"template":"","meta":{"_acf_changed":false},"product_brand":[],"product_cat":[91],"product_tag":[],"class_list":{"0":"post-10961","1":"product","2":"type-product","3":"status-publish","4":"has-post-thumbnail","6":"product_cat-olympia","7":"product_shipping_class-kirjeposti","9":"first","10":"instock","11":"sold-individually","12":"shipping-taxable","13":"purchasable","14":"product-type-simple"},"acf":[],"_links":{"self":[{"href":"https:\/\/finncoin.com\/fi\/wp-json\/wp\/v2\/product\/10961","targetHints":{"allow":["GET"]}}],"collection":[{"href":"https:\/\/finncoin.com\/fi\/wp-json\/wp\/v2\/product"}],"about":[{"href":"https:\/\/finncoin.com\/fi\/wp-json\/wp\/v2\/types\/product"}],"wp:featuredmedia":[{"embeddable":true,"href":"https:\/\/finncoin.com\/fi\/wp-json\/wp\/v2\/media\/10987"}],"wp:attachment":[{"href":"https:\/\/finncoin.com\/fi\/wp-json\/wp\/v2\/media?parent=10961"}],"wp:term":[{"taxonomy":"product_brand","embeddable":true,"href":"https:\/\/finncoin.com\/fi\/wp-json\/wp\/v2\/product_brand?post=10961"},{"taxonomy":"product_cat","embeddable":true,"href":"https:\/\/finncoin.com\/fi\/wp-json\/wp\/v2\/product_cat?post=10961"},{"taxonomy":"product_tag","embeddable":true,"href":"https:\/\/finncoin.com\/fi\/wp-json\/wp\/v2\/product_tag?post=10961"}],"curies":[{"name":"wp","href":"https:\/\/api.w.org\/{rel}","templated":true}]}}