{"id":109299,"date":"2025-08-11T14:14:17","date_gmt":"2025-08-11T11:14:17","guid":{"rendered":"https:\/\/finncoin.com\/?post_type=product&#038;p=109299"},"modified":"2025-08-11T14:14:17","modified_gmt":"2025-08-11T11:14:17","slug":"langelmaen-sahko-osakeyhtio-500-mk-1952","status":"publish","type":"product","link":"https:\/\/finncoin.com\/fi\/product\/langelmaen-sahko-osakeyhtio-500-mk-1952\/","title":{"rendered":"L\u00e4ngelm\u00e4en S\u00e4hk\u00f6 Osakeyhti\u00f6 500 mk 1952"},"content":{"rendered":"","protected":false},"excerpt":{"rendered":"<p>Kunto: 1+<\/p>\n","protected":false},"featured_media":109309,"template":"","meta":{"_acf_changed":false},"product_brand":[],"product_cat":[1017],"product_tag":[],"class_list":{"0":"post-109299","1":"product","2":"type-product","3":"status-publish","4":"has-post-thumbnail","6":"product_cat-arvopaperit-osakekirjat-ja-muut","7":"product_shipping_class-kirjeposti","9":"first","10":"instock","11":"shipping-taxable","12":"purchasable","13":"product-type-simple"},"acf":[],"_links":{"self":[{"href":"https:\/\/finncoin.com\/fi\/wp-json\/wp\/v2\/product\/109299","targetHints":{"allow":["GET"]}}],"collection":[{"href":"https:\/\/finncoin.com\/fi\/wp-json\/wp\/v2\/product"}],"about":[{"href":"https:\/\/finncoin.com\/fi\/wp-json\/wp\/v2\/types\/product"}],"wp:featuredmedia":[{"embeddable":true,"href":"https:\/\/finncoin.com\/fi\/wp-json\/wp\/v2\/media\/109309"}],"wp:attachment":[{"href":"https:\/\/finncoin.com\/fi\/wp-json\/wp\/v2\/media?parent=109299"}],"wp:term":[{"taxonomy":"product_brand","embeddable":true,"href":"https:\/\/finncoin.com\/fi\/wp-json\/wp\/v2\/product_brand?post=109299"},{"taxonomy":"product_cat","embeddable":true,"href":"https:\/\/finncoin.com\/fi\/wp-json\/wp\/v2\/product_cat?post=109299"},{"taxonomy":"product_tag","embeddable":true,"href":"https:\/\/finncoin.com\/fi\/wp-json\/wp\/v2\/product_tag?post=109299"}],"curies":[{"name":"wp","href":"https:\/\/api.w.org\/{rel}","templated":true}]}}