{"id":109115,"date":"2025-08-11T10:50:50","date_gmt":"2025-08-11T07:53:08","guid":{"rendered":"https:\/\/finncoin.com\/?post_type=product&#038;p=109115"},"modified":"2025-08-11T10:53:09","modified_gmt":"2025-08-11T07:53:09","slug":"venaja-siperia-kystym-10-ruplaa-1919","status":"publish","type":"product","link":"https:\/\/finncoin.com\/fi\/product\/venaja-siperia-kystym-10-ruplaa-1919\/","title":{"rendered":"Ven\u00e4j\u00e4, Siperia, Ky\u0161tym 10 Ruplaa 1919"},"content":{"rendered":"","protected":false},"excerpt":{"rendered":"<p>Kunto: 1, teippi, repeytynyt<\/p>\n","protected":false},"featured_media":109113,"template":"","meta":{"_acf_changed":false},"product_brand":[],"product_cat":[227],"product_tag":[],"class_list":{"0":"post-109115","1":"product","2":"type-product","3":"status-publish","4":"has-post-thumbnail","6":"product_cat-keisarillisen-venaja","8":"first","9":"instock","10":"shipping-taxable","11":"purchasable","12":"product-type-simple"},"acf":[],"_links":{"self":[{"href":"https:\/\/finncoin.com\/fi\/wp-json\/wp\/v2\/product\/109115","targetHints":{"allow":["GET"]}}],"collection":[{"href":"https:\/\/finncoin.com\/fi\/wp-json\/wp\/v2\/product"}],"about":[{"href":"https:\/\/finncoin.com\/fi\/wp-json\/wp\/v2\/types\/product"}],"wp:featuredmedia":[{"embeddable":true,"href":"https:\/\/finncoin.com\/fi\/wp-json\/wp\/v2\/media\/109113"}],"wp:attachment":[{"href":"https:\/\/finncoin.com\/fi\/wp-json\/wp\/v2\/media?parent=109115"}],"wp:term":[{"taxonomy":"product_brand","embeddable":true,"href":"https:\/\/finncoin.com\/fi\/wp-json\/wp\/v2\/product_brand?post=109115"},{"taxonomy":"product_cat","embeddable":true,"href":"https:\/\/finncoin.com\/fi\/wp-json\/wp\/v2\/product_cat?post=109115"},{"taxonomy":"product_tag","embeddable":true,"href":"https:\/\/finncoin.com\/fi\/wp-json\/wp\/v2\/product_tag?post=109115"}],"curies":[{"name":"wp","href":"https:\/\/api.w.org\/{rel}","templated":true}]}}