{"id":109069,"date":"2025-08-10T14:56:16","date_gmt":"2025-08-10T11:56:50","guid":{"rendered":"https:\/\/finncoin.com\/?post_type=product&#038;p=109069"},"modified":"2025-08-10T14:56:50","modified_gmt":"2025-08-10T11:56:50","slug":"venaja-luoteis-venaja-25-ruplaa-1919-3","status":"publish","type":"product","link":"https:\/\/finncoin.com\/fi\/product\/venaja-luoteis-venaja-25-ruplaa-1919-3\/","title":{"rendered":"Ven\u00e4j\u00e4, Luoteis-Ven\u00e4j\u00e4 25 Ruplaa 1919"},"content":{"rendered":"","protected":false},"excerpt":{"rendered":"<p>P#\u00a0 S207<\/p>\n<p>Kunto: 1+<\/p>\n","protected":false},"featured_media":109067,"template":"","meta":{"_acf_changed":false},"product_brand":[],"product_cat":[227],"product_tag":[],"class_list":{"0":"post-109069","1":"product","2":"type-product","3":"status-publish","4":"has-post-thumbnail","6":"product_cat-keisarillisen-venaja","8":"first","9":"outofstock","10":"shipping-taxable","11":"purchasable","12":"product-type-simple"},"acf":[],"_links":{"self":[{"href":"https:\/\/finncoin.com\/fi\/wp-json\/wp\/v2\/product\/109069","targetHints":{"allow":["GET"]}}],"collection":[{"href":"https:\/\/finncoin.com\/fi\/wp-json\/wp\/v2\/product"}],"about":[{"href":"https:\/\/finncoin.com\/fi\/wp-json\/wp\/v2\/types\/product"}],"wp:featuredmedia":[{"embeddable":true,"href":"https:\/\/finncoin.com\/fi\/wp-json\/wp\/v2\/media\/109067"}],"wp:attachment":[{"href":"https:\/\/finncoin.com\/fi\/wp-json\/wp\/v2\/media?parent=109069"}],"wp:term":[{"taxonomy":"product_brand","embeddable":true,"href":"https:\/\/finncoin.com\/fi\/wp-json\/wp\/v2\/product_brand?post=109069"},{"taxonomy":"product_cat","embeddable":true,"href":"https:\/\/finncoin.com\/fi\/wp-json\/wp\/v2\/product_cat?post=109069"},{"taxonomy":"product_tag","embeddable":true,"href":"https:\/\/finncoin.com\/fi\/wp-json\/wp\/v2\/product_tag?post=109069"}],"curies":[{"name":"wp","href":"https:\/\/api.w.org\/{rel}","templated":true}]}}