{"id":109047,"date":"2025-08-10T14:50:41","date_gmt":"2025-08-10T11:50:41","guid":{"rendered":"https:\/\/finncoin.com\/?post_type=product&#038;p=109047"},"modified":"2025-08-10T14:50:42","modified_gmt":"2025-08-10T11:50:42","slug":"venaja-luoteis-venaja-25-ruplaa-1919-2","status":"publish","type":"product","link":"https:\/\/finncoin.com\/fi\/product\/venaja-luoteis-venaja-25-ruplaa-1919-2\/","title":{"rendered":"Ven\u00e4j\u00e4, Luoteis-Ven\u00e4j\u00e4 25 Ruplaa 1919"},"content":{"rendered":"","protected":false},"excerpt":{"rendered":"<p>P#\u00a0 S207<\/p>\n<p>Kunto: 1+<\/p>\n","protected":false},"featured_media":109053,"template":"","meta":{"_acf_changed":false},"product_brand":[],"product_cat":[227],"product_tag":[],"class_list":{"0":"post-109047","1":"product","2":"type-product","3":"status-publish","4":"has-post-thumbnail","6":"product_cat-keisarillisen-venaja","7":"product_shipping_class-kirjeposti","9":"first","10":"instock","11":"shipping-taxable","12":"purchasable","13":"product-type-simple"},"acf":[],"_links":{"self":[{"href":"https:\/\/finncoin.com\/fi\/wp-json\/wp\/v2\/product\/109047","targetHints":{"allow":["GET"]}}],"collection":[{"href":"https:\/\/finncoin.com\/fi\/wp-json\/wp\/v2\/product"}],"about":[{"href":"https:\/\/finncoin.com\/fi\/wp-json\/wp\/v2\/types\/product"}],"wp:featuredmedia":[{"embeddable":true,"href":"https:\/\/finncoin.com\/fi\/wp-json\/wp\/v2\/media\/109053"}],"wp:attachment":[{"href":"https:\/\/finncoin.com\/fi\/wp-json\/wp\/v2\/media?parent=109047"}],"wp:term":[{"taxonomy":"product_brand","embeddable":true,"href":"https:\/\/finncoin.com\/fi\/wp-json\/wp\/v2\/product_brand?post=109047"},{"taxonomy":"product_cat","embeddable":true,"href":"https:\/\/finncoin.com\/fi\/wp-json\/wp\/v2\/product_cat?post=109047"},{"taxonomy":"product_tag","embeddable":true,"href":"https:\/\/finncoin.com\/fi\/wp-json\/wp\/v2\/product_tag?post=109047"}],"curies":[{"name":"wp","href":"https:\/\/api.w.org\/{rel}","templated":true}]}}