{"id":10851,"date":"2022-08-12T13:21:47","date_gmt":"2022-08-12T10:21:47","guid":{"rendered":"https:\/\/finncoin.com\/?post_type=product&#038;p=10851"},"modified":"2022-08-12T13:21:48","modified_gmt":"2022-08-12T10:21:48","slug":"helsinki-1952-olympialaiset-kipsi-seinareliefi","status":"publish","type":"product","link":"https:\/\/finncoin.com\/fi\/product\/helsinki-1952-olympialaiset-kipsi-seinareliefi\/","title":{"rendered":"Helsinki 1952 Olympialaiset Kipsi Sein\u00e4reliefi"},"content":{"rendered":"","protected":false},"excerpt":{"rendered":"<p>Kunto: Tyydytt\u00e4v\u00e4, naarmuja, maali halkeillut<\/p>\n<p>22,7cm<\/p>\n","protected":false},"featured_media":10857,"template":"","meta":{"_acf_changed":false},"product_brand":[],"product_cat":[91],"product_tag":[],"class_list":{"0":"post-10851","1":"product","2":"type-product","3":"status-publish","4":"has-post-thumbnail","6":"product_cat-olympia","7":"product_shipping_class-pakettiposti","9":"first","10":"instock","11":"sold-individually","12":"shipping-taxable","13":"purchasable","14":"product-type-simple"},"acf":[],"_links":{"self":[{"href":"https:\/\/finncoin.com\/fi\/wp-json\/wp\/v2\/product\/10851","targetHints":{"allow":["GET"]}}],"collection":[{"href":"https:\/\/finncoin.com\/fi\/wp-json\/wp\/v2\/product"}],"about":[{"href":"https:\/\/finncoin.com\/fi\/wp-json\/wp\/v2\/types\/product"}],"wp:featuredmedia":[{"embeddable":true,"href":"https:\/\/finncoin.com\/fi\/wp-json\/wp\/v2\/media\/10857"}],"wp:attachment":[{"href":"https:\/\/finncoin.com\/fi\/wp-json\/wp\/v2\/media?parent=10851"}],"wp:term":[{"taxonomy":"product_brand","embeddable":true,"href":"https:\/\/finncoin.com\/fi\/wp-json\/wp\/v2\/product_brand?post=10851"},{"taxonomy":"product_cat","embeddable":true,"href":"https:\/\/finncoin.com\/fi\/wp-json\/wp\/v2\/product_cat?post=10851"},{"taxonomy":"product_tag","embeddable":true,"href":"https:\/\/finncoin.com\/fi\/wp-json\/wp\/v2\/product_tag?post=10851"}],"curies":[{"name":"wp","href":"https:\/\/api.w.org\/{rel}","templated":true}]}}