{"id":108429,"date":"2025-08-08T10:21:44","date_gmt":"2025-08-08T07:22:47","guid":{"rendered":"https:\/\/finncoin.com\/?post_type=product&#038;p=108429"},"modified":"2025-08-08T10:22:47","modified_gmt":"2025-08-08T07:22:47","slug":"50-pennia-1943-lyoty-25-pennia-aihiolle","status":"publish","type":"product","link":"https:\/\/finncoin.com\/fi\/product\/50-pennia-1943-lyoty-25-pennia-aihiolle\/","title":{"rendered":"50 Penni\u00e4 1943, ly\u00f6ty 25 Penni\u00e4 aihiolle"},"content":{"rendered":"","protected":false},"excerpt":{"rendered":"<p>Rautaa<\/p>\n<p>16mm<\/p>\n<p>1,10g<\/p>\n<p>Kunto: 1+<\/p>\n","protected":false},"featured_media":108427,"template":"","meta":{"_acf_changed":false},"product_brand":[],"product_cat":[167],"product_tag":[],"class_list":{"0":"post-108429","1":"product","2":"type-product","3":"status-publish","4":"has-post-thumbnail","6":"product_cat-virhelyonteja","8":"first","9":"instock","10":"shipping-taxable","11":"purchasable","12":"product-type-simple"},"acf":[],"_links":{"self":[{"href":"https:\/\/finncoin.com\/fi\/wp-json\/wp\/v2\/product\/108429","targetHints":{"allow":["GET"]}}],"collection":[{"href":"https:\/\/finncoin.com\/fi\/wp-json\/wp\/v2\/product"}],"about":[{"href":"https:\/\/finncoin.com\/fi\/wp-json\/wp\/v2\/types\/product"}],"wp:featuredmedia":[{"embeddable":true,"href":"https:\/\/finncoin.com\/fi\/wp-json\/wp\/v2\/media\/108427"}],"wp:attachment":[{"href":"https:\/\/finncoin.com\/fi\/wp-json\/wp\/v2\/media?parent=108429"}],"wp:term":[{"taxonomy":"product_brand","embeddable":true,"href":"https:\/\/finncoin.com\/fi\/wp-json\/wp\/v2\/product_brand?post=108429"},{"taxonomy":"product_cat","embeddable":true,"href":"https:\/\/finncoin.com\/fi\/wp-json\/wp\/v2\/product_cat?post=108429"},{"taxonomy":"product_tag","embeddable":true,"href":"https:\/\/finncoin.com\/fi\/wp-json\/wp\/v2\/product_tag?post=108429"}],"curies":[{"name":"wp","href":"https:\/\/api.w.org\/{rel}","templated":true}]}}