{"id":107563,"date":"2025-08-01T13:52:15","date_gmt":"2025-08-01T10:52:15","guid":{"rendered":"https:\/\/finncoin.com\/?post_type=product&#038;p=107563"},"modified":"2026-02-10T15:35:52","modified_gmt":"2026-02-10T13:35:52","slug":"pyhan-karitsan-ritarikunnan-suurristi-alkuperaisessa-kotelossaan","status":"publish","type":"product","link":"https:\/\/finncoin.com\/fi\/product\/pyhan-karitsan-ritarikunnan-suurristi-alkuperaisessa-kotelossaan\/","title":{"rendered":"Majuri Olli Bergmanin Pyh\u00e4n Karitsan Ritarikunnan Suurristi alkuper\u00e4isess\u00e4 kotelossaan"},"content":{"rendered":"","protected":false},"excerpt":{"rendered":"<p>Hopeaa, emalit<\/p>\n<p>Harvinainen, vain hieman yli 10 kappaletta vastaavan luokan risti\u00e4 on jaettu<\/p>\n<p>Tiainen 4.1 (RR)<\/p>\n<p>ex. Medalhouse huutokauppa 21.03.2010<\/p>\n<p>Kunto: Hyv\u00e4, emali ehj\u00e4t<\/p>\n","protected":false},"featured_media":107573,"template":"","meta":{"_acf_changed":false},"product_brand":[],"product_cat":[86],"product_tag":[],"class_list":{"0":"post-107563","1":"product","2":"type-product","3":"status-publish","4":"has-post-thumbnail","6":"product_cat-kunniaritarikunta","7":"product_shipping_class-pakettiposti","9":"first","10":"outofstock","11":"shipping-taxable","12":"purchasable","13":"product-type-simple"},"acf":[],"_links":{"self":[{"href":"https:\/\/finncoin.com\/fi\/wp-json\/wp\/v2\/product\/107563","targetHints":{"allow":["GET"]}}],"collection":[{"href":"https:\/\/finncoin.com\/fi\/wp-json\/wp\/v2\/product"}],"about":[{"href":"https:\/\/finncoin.com\/fi\/wp-json\/wp\/v2\/types\/product"}],"wp:featuredmedia":[{"embeddable":true,"href":"https:\/\/finncoin.com\/fi\/wp-json\/wp\/v2\/media\/107573"}],"wp:attachment":[{"href":"https:\/\/finncoin.com\/fi\/wp-json\/wp\/v2\/media?parent=107563"}],"wp:term":[{"taxonomy":"product_brand","embeddable":true,"href":"https:\/\/finncoin.com\/fi\/wp-json\/wp\/v2\/product_brand?post=107563"},{"taxonomy":"product_cat","embeddable":true,"href":"https:\/\/finncoin.com\/fi\/wp-json\/wp\/v2\/product_cat?post=107563"},{"taxonomy":"product_tag","embeddable":true,"href":"https:\/\/finncoin.com\/fi\/wp-json\/wp\/v2\/product_tag?post=107563"}],"curies":[{"name":"wp","href":"https:\/\/api.w.org\/{rel}","templated":true}]}}