{"id":107561,"date":"2025-08-01T13:44:31","date_gmt":"2025-08-01T10:44:31","guid":{"rendered":"https:\/\/finncoin.com\/?post_type=product&#038;p=107561"},"modified":"2025-08-01T13:47:34","modified_gmt":"2025-08-01T10:47:34","slug":"majuri-olli-bergmanin-pyhan-karitsan-ritarikunnan-1-lkn-komentajamerkki-alkuperaisessa-kotelossaan","status":"publish","type":"product","link":"https:\/\/finncoin.com\/fi\/product\/majuri-olli-bergmanin-pyhan-karitsan-ritarikunnan-1-lkn-komentajamerkki-alkuperaisessa-kotelossaan\/","title":{"rendered":"Majuri Olli Bergmanin Pyh\u00e4n Karitsan Ritarikunnan 1. lk:n Komentajamerkki alkuper\u00e4isess\u00e4 kotelossaan"},"content":{"rendered":"","protected":false},"excerpt":{"rendered":"<p>Hopeaa, emalit<\/p>\n<p>Tiainen 4.2c<\/p>\n<p>Kunto: Hyv\u00e4, emalit ehj\u00e4t<\/p>\n","protected":false},"featured_media":107559,"template":"","meta":{"_acf_changed":false},"product_brand":[],"product_cat":[86],"product_tag":[],"class_list":{"0":"post-107561","1":"product","2":"type-product","3":"status-publish","4":"has-post-thumbnail","6":"product_cat-kunniaritarikunta","8":"first","9":"outofstock","10":"shipping-taxable","11":"purchasable","12":"product-type-simple"},"acf":[],"_links":{"self":[{"href":"https:\/\/finncoin.com\/fi\/wp-json\/wp\/v2\/product\/107561","targetHints":{"allow":["GET"]}}],"collection":[{"href":"https:\/\/finncoin.com\/fi\/wp-json\/wp\/v2\/product"}],"about":[{"href":"https:\/\/finncoin.com\/fi\/wp-json\/wp\/v2\/types\/product"}],"wp:featuredmedia":[{"embeddable":true,"href":"https:\/\/finncoin.com\/fi\/wp-json\/wp\/v2\/media\/107559"}],"wp:attachment":[{"href":"https:\/\/finncoin.com\/fi\/wp-json\/wp\/v2\/media?parent=107561"}],"wp:term":[{"taxonomy":"product_brand","embeddable":true,"href":"https:\/\/finncoin.com\/fi\/wp-json\/wp\/v2\/product_brand?post=107561"},{"taxonomy":"product_cat","embeddable":true,"href":"https:\/\/finncoin.com\/fi\/wp-json\/wp\/v2\/product_cat?post=107561"},{"taxonomy":"product_tag","embeddable":true,"href":"https:\/\/finncoin.com\/fi\/wp-json\/wp\/v2\/product_tag?post=107561"}],"curies":[{"name":"wp","href":"https:\/\/api.w.org\/{rel}","templated":true}]}}