{"id":106691,"date":"2025-07-25T14:51:37","date_gmt":"2025-07-25T11:55:45","guid":{"rendered":"https:\/\/finncoin.com\/?post_type=product&#038;p=106691"},"modified":"2025-07-25T14:55:45","modified_gmt":"2025-07-25T11:55:45","slug":"venaja-krimin-sodan-muistoristi-papistolle-1853-1856","status":"publish","type":"product","link":"https:\/\/finncoin.com\/fi\/product\/venaja-krimin-sodan-muistoristi-papistolle-1853-1856\/","title":{"rendered":"Ven\u00e4j\u00e4, Krimin sodan muistoristi papistolle 1853-1856"},"content":{"rendered":"","protected":false},"excerpt":{"rendered":"<p>Pronssia<\/p>\n<p>9,5 x 5,85 cm<\/p>\n<p>Kunto: Heikko, Sy\u00f6pynyt (maal\u00f6yt\u00f6?)<\/p>\n","protected":false},"featured_media":106689,"template":"","meta":{"_acf_changed":false},"product_brand":[],"product_cat":[96],"product_tag":[],"class_list":{"0":"post-106691","1":"product","2":"type-product","3":"status-publish","4":"has-post-thumbnail","6":"product_cat-venalaiset-mitalit-1700-1917","8":"first","9":"instock","10":"shipping-taxable","11":"purchasable","12":"product-type-simple"},"acf":[],"_links":{"self":[{"href":"https:\/\/finncoin.com\/fi\/wp-json\/wp\/v2\/product\/106691","targetHints":{"allow":["GET"]}}],"collection":[{"href":"https:\/\/finncoin.com\/fi\/wp-json\/wp\/v2\/product"}],"about":[{"href":"https:\/\/finncoin.com\/fi\/wp-json\/wp\/v2\/types\/product"}],"wp:featuredmedia":[{"embeddable":true,"href":"https:\/\/finncoin.com\/fi\/wp-json\/wp\/v2\/media\/106689"}],"wp:attachment":[{"href":"https:\/\/finncoin.com\/fi\/wp-json\/wp\/v2\/media?parent=106691"}],"wp:term":[{"taxonomy":"product_brand","embeddable":true,"href":"https:\/\/finncoin.com\/fi\/wp-json\/wp\/v2\/product_brand?post=106691"},{"taxonomy":"product_cat","embeddable":true,"href":"https:\/\/finncoin.com\/fi\/wp-json\/wp\/v2\/product_cat?post=106691"},{"taxonomy":"product_tag","embeddable":true,"href":"https:\/\/finncoin.com\/fi\/wp-json\/wp\/v2\/product_tag?post=106691"}],"curies":[{"name":"wp","href":"https:\/\/api.w.org\/{rel}","templated":true}]}}