{"id":100343,"date":"2025-05-23T10:00:33","date_gmt":"2025-05-23T07:02:22","guid":{"rendered":"https:\/\/finncoin.com\/?post_type=product&#038;p=100343"},"modified":"2025-05-23T10:02:23","modified_gmt":"2025-05-23T07:02:23","slug":"venajan-isanmaallisen-sodan-1812-jetoni","status":"publish","type":"product","link":"https:\/\/finncoin.com\/fi\/product\/venajan-isanmaallisen-sodan-1812-jetoni\/","title":{"rendered":"Ven\u00e4j\u00e4n is\u00e4nmaallisen sodan 1812 jetoni"},"content":{"rendered":"","protected":false},"excerpt":{"rendered":"<p>Valkoinen metalli (tina, lyijy?)<\/p>\n<p>28mm<\/p>\n<p>7,66g<\/p>\n<p>Kunto: 01<\/p>\n","protected":false},"featured_media":100341,"template":"","meta":{"_acf_changed":false},"product_brand":[],"product_cat":[96],"product_tag":[],"class_list":{"0":"post-100343","1":"product","2":"type-product","3":"status-publish","4":"has-post-thumbnail","6":"product_cat-venalaiset-mitalit-1700-1917","8":"first","9":"instock","10":"shipping-taxable","11":"purchasable","12":"product-type-simple"},"acf":[],"_links":{"self":[{"href":"https:\/\/finncoin.com\/fi\/wp-json\/wp\/v2\/product\/100343","targetHints":{"allow":["GET"]}}],"collection":[{"href":"https:\/\/finncoin.com\/fi\/wp-json\/wp\/v2\/product"}],"about":[{"href":"https:\/\/finncoin.com\/fi\/wp-json\/wp\/v2\/types\/product"}],"wp:featuredmedia":[{"embeddable":true,"href":"https:\/\/finncoin.com\/fi\/wp-json\/wp\/v2\/media\/100341"}],"wp:attachment":[{"href":"https:\/\/finncoin.com\/fi\/wp-json\/wp\/v2\/media?parent=100343"}],"wp:term":[{"taxonomy":"product_brand","embeddable":true,"href":"https:\/\/finncoin.com\/fi\/wp-json\/wp\/v2\/product_brand?post=100343"},{"taxonomy":"product_cat","embeddable":true,"href":"https:\/\/finncoin.com\/fi\/wp-json\/wp\/v2\/product_cat?post=100343"},{"taxonomy":"product_tag","embeddable":true,"href":"https:\/\/finncoin.com\/fi\/wp-json\/wp\/v2\/product_tag?post=100343"}],"curies":[{"name":"wp","href":"https:\/\/api.w.org\/{rel}","templated":true}]}}