{"id":100315,"date":"2025-05-23T07:45:13","date_gmt":"2025-05-23T04:47:29","guid":{"rendered":"https:\/\/finncoin.com\/?post_type=product&#038;p=100315"},"modified":"2025-05-23T07:47:29","modified_gmt":"2025-05-23T04:47:29","slug":"venajan-isanmaallisen-sodan-100v-juhlamitali","status":"publish","type":"product","link":"https:\/\/finncoin.com\/fi\/product\/venajan-isanmaallisen-sodan-100v-juhlamitali\/","title":{"rendered":"Ven\u00e4j\u00e4n is\u00e4nmaallisen sodan 100v juhlamitali"},"content":{"rendered":"","protected":false},"excerpt":{"rendered":"<p>Pronssia<\/p>\n<p>28mm<\/p>\n<p>13,96g<\/p>\n<p>Dyakov# 1527.3, Bitkin# 1155<\/p>\n<p>Kunto: 1+<\/p>\n","protected":false},"featured_media":100313,"template":"","meta":{"_acf_changed":false},"product_brand":[],"product_cat":[96],"product_tag":[],"class_list":{"0":"post-100315","1":"product","2":"type-product","3":"status-publish","4":"has-post-thumbnail","6":"product_cat-venalaiset-mitalit-1700-1917","8":"first","9":"instock","10":"shipping-taxable","11":"purchasable","12":"product-type-simple"},"acf":[],"_links":{"self":[{"href":"https:\/\/finncoin.com\/fi\/wp-json\/wp\/v2\/product\/100315","targetHints":{"allow":["GET"]}}],"collection":[{"href":"https:\/\/finncoin.com\/fi\/wp-json\/wp\/v2\/product"}],"about":[{"href":"https:\/\/finncoin.com\/fi\/wp-json\/wp\/v2\/types\/product"}],"wp:featuredmedia":[{"embeddable":true,"href":"https:\/\/finncoin.com\/fi\/wp-json\/wp\/v2\/media\/100313"}],"wp:attachment":[{"href":"https:\/\/finncoin.com\/fi\/wp-json\/wp\/v2\/media?parent=100315"}],"wp:term":[{"taxonomy":"product_brand","embeddable":true,"href":"https:\/\/finncoin.com\/fi\/wp-json\/wp\/v2\/product_brand?post=100315"},{"taxonomy":"product_cat","embeddable":true,"href":"https:\/\/finncoin.com\/fi\/wp-json\/wp\/v2\/product_cat?post=100315"},{"taxonomy":"product_tag","embeddable":true,"href":"https:\/\/finncoin.com\/fi\/wp-json\/wp\/v2\/product_tag?post=100315"}],"curies":[{"name":"wp","href":"https:\/\/api.w.org\/{rel}","templated":true}]}}