{"id":100111,"date":"2025-05-21T07:53:48","date_gmt":"2025-05-21T04:53:48","guid":{"rendered":"https:\/\/finncoin.com\/?post_type=product&#038;p=100111"},"modified":"2026-01-29T09:31:54","modified_gmt":"2026-01-29T07:31:54","slug":"tanska-pohjoismaiden-paakaupunkien-valinen-ampumakilpailu-mitali-1862-1922","status":"publish","type":"product","link":"https:\/\/finncoin.com\/fi\/product\/tanska-pohjoismaiden-paakaupunkien-valinen-ampumakilpailu-mitali-1862-1922\/","title":{"rendered":"Tanska, Pohjoismaiden P\u00e4\u00e4kaupunkien v\u00e4linen ampumakilpailu mitali 1862-1922"},"content":{"rendered":"","protected":false},"excerpt":{"rendered":"<p>Hopeaa<\/p>\n<p>32mm<\/p>\n<p>Kunto: Hyv\u00e4<\/p>\n","protected":false},"featured_media":100121,"template":"","meta":{"_acf_changed":false},"product_brand":[],"product_cat":[110],"product_tag":[],"class_list":{"0":"post-100111","1":"product","2":"type-product","3":"status-publish","4":"has-post-thumbnail","6":"product_cat-ulkomaalaiset-kunniamerkit-eurooppa","7":"product_shipping_class-kirjeposti","9":"first","10":"outofstock","11":"shipping-taxable","12":"purchasable","13":"product-type-simple"},"acf":[],"_links":{"self":[{"href":"https:\/\/finncoin.com\/fi\/wp-json\/wp\/v2\/product\/100111","targetHints":{"allow":["GET"]}}],"collection":[{"href":"https:\/\/finncoin.com\/fi\/wp-json\/wp\/v2\/product"}],"about":[{"href":"https:\/\/finncoin.com\/fi\/wp-json\/wp\/v2\/types\/product"}],"wp:featuredmedia":[{"embeddable":true,"href":"https:\/\/finncoin.com\/fi\/wp-json\/wp\/v2\/media\/100121"}],"wp:attachment":[{"href":"https:\/\/finncoin.com\/fi\/wp-json\/wp\/v2\/media?parent=100111"}],"wp:term":[{"taxonomy":"product_brand","embeddable":true,"href":"https:\/\/finncoin.com\/fi\/wp-json\/wp\/v2\/product_brand?post=100111"},{"taxonomy":"product_cat","embeddable":true,"href":"https:\/\/finncoin.com\/fi\/wp-json\/wp\/v2\/product_cat?post=100111"},{"taxonomy":"product_tag","embeddable":true,"href":"https:\/\/finncoin.com\/fi\/wp-json\/wp\/v2\/product_tag?post=100111"}],"curies":[{"name":"wp","href":"https:\/\/api.w.org\/{rel}","templated":true}]}}