{"id":373,"date":"2022-03-16T20:13:11","date_gmt":"2022-03-16T18:13:11","guid":{"rendered":"http:\/\/finncoin.com\/?page_id=373"},"modified":"2022-04-05T08:53:26","modified_gmt":"2022-04-05T05:53:26","slug":"toimitusehdot-ja-tietosuojaseloste","status":"publish","type":"page","link":"https:\/\/finncoin.com\/fi\/toimitusehdot-ja-tietosuojaseloste\/","title":{"rendered":"Toimitusehdot ja tietosuojaseloste"},"content":{"rendered":"\r\n<h1 class=\"wp-block-heading\">Toimitusehdot &#8211; finncoin.com<\/h1>\r\n<h2>Tilaus ja tilausvahvistus<\/h2>\r\n<p>Voit tehd\u00e4 tilauksen k\u00e4tev\u00e4sti verkkosivuillamme finncoin.com lis\u00e4\u00e4m\u00e4ll\u00e4 tuotteet ostoskoriin tai s\u00e4hk\u00f6postitse info@finncoin.com Kun tilaat s\u00e4hk\u00f6postitse, ilmoita henkil\u00f6- ja yhteystietosi eli nimi, osoite, puhelinnumero ja s\u00e4hk\u00f6postiosoite. Ostoskorin kautta tilattaessa n\u00e4it\u00e4 tietoja kysyt\u00e4\u00e4n automaattisesti. Kun olet tehnyt tilauksesi, saat automaattisesti tilausvahvistuksen s\u00e4hk\u00f6postiisi. Jos et saa tilausvahvistusta, tilauksesi ei ole saapunut. \u00a0<\/p>\r\n<h2>Maksu pankkipainikkeilla<\/h2>\r\n<p>Paytrail-maksupalvelu v\u00e4litt\u00e4\u00e4 maksusi kauppiaalle. Sinulla on maksupainikkeet kaikille pankeille. Kun valitset maksun pankkipainikkeilla, voit maksaa tilauksen oman verkkopankkisi kautta. Kun olet valinnut maksutavan kauppiaan tarjoamista vaihtoehdoista, maksutapahtuma siirtyy maksutapaj\u00e4rjestelm\u00e4\u00e4n. Maksun hyv\u00e4ksymisen ja verkkokauppaan palaamisen j\u00e4lkeen maksu kirjataan v\u00e4litt\u00f6m\u00e4sti kauppiaalle.<\/p>\r\n<p>Maksu suoritetaan Paytrail Finland Oyj:n hallinnoimalle tilille.<\/p>\r\n<p>Paytrail Corporation, y-tunnus: 2122839-7<br \/>Innova 2<br \/>Lutakonaukio 7<br \/>40100 Jyv\u00e4skyl\u00e4<br \/>Puhelin: +358 207 181830<br \/>www.paytrail.com.<\/p>\r\n<h2>Hinnat ja maksu<\/h2>\r\n<p>Kaikki hinnat euroissa (\u20ac) ilman toimituskuluja. Tuotteet maksetaan Paypalilla, Paytraililla tai s\u00e4hk\u00f6postitse. Verot (alv) Kaikki tuotteet ovat marginaaliveron alaisia; &#8221;Marginaaliveromenettely, ei v\u00e4hennyskelpoista veroa&#8221; Toimituskulujen ja muiden lis\u00e4maksujen arvonlis\u00e4verokanta m\u00e4\u00e4r\u00e4ytyy kuitenkin tilauksen veroluokkien m\u00e4\u00e4r\u00e4n mukaan. Veroprosentit kerrotaan tuotteittain, samoin kuin veron kokonaism\u00e4\u00e4r\u00e4.<\/p>\r\n<h2>Toimitus- ja toimituskulut<\/h2>\r\n<p>Toimitamme tilaamasi tuotteet mahdollisimman nopeasti, yleens\u00e4 muutaman arkip\u00e4iv\u00e4n sis\u00e4ll\u00e4 tilauksesta. Tilaukset toimitetaan postitse. Toimitustapoja ovat kirjattu kirje, paketti ja muut lis\u00e4postipalvelut. Nouto my\u00f6s mahdollista. Pyrimme arvioimaan postikulut ostoskorissa, mutta tilatessaan asiakas sitoutuu maksamaan tilauksensa postikulut voimassa olevan palveluhinnaston mukaisesti. Kaikki tilaukset l\u00e4hetet\u00e4\u00e4n seurantanumerolla. finncoin.com ei ole vastuussa postin kadonneista tai rikkoutuneista l\u00e4hetyksist\u00e4. Toimitustapa ja hinnat Suomen ulkopuolelle sovitaan tilauskohtaisesti.<\/p>\r\n<h2>Saatavuus<\/h2>\r\n<p>Ilmoitamme varastossa olevien tuotteiden saatavuudesta osoitteessa finncoin.com.<\/p>\r\n<h2>Palauta<\/h2>\r\n<p>Kaikilla tuotteilla on 14 p\u00e4iv\u00e4n palautusoikeus. 14 p\u00e4iv\u00e4n palautusoikeus lasketaan tilauksen saapumisp\u00e4iv\u00e4st\u00e4. Palautettavien tuotteiden tulee olla k\u00e4ytt\u00e4m\u00e4tt\u00f6mi\u00e4, muuttumattomia ja alkuper\u00e4isess\u00e4 pakkauksessaan. Palauttaessasi ota aina yhteytt\u00e4 s\u00e4hk\u00f6postitse osoitteeseen info@finncoin.com Kun palautat tilauksesi, hyvit\u00e4mme maksamasi tuotteen hinnan.<\/p>\r\n<h2>Tuotevirheen korjaus<\/h2>\r\n<p>Kaikki tuotevirheet k\u00e4sitell\u00e4\u00e4n tapauskohtaisesti, ota yhteytt\u00e4 info@finncoin.com<\/p>\r\n<h2>Hinnat<\/h2>\r\n<p>Kaikki oikeudet hinnanmuutoksiin pid\u00e4tet\u00e4\u00e4n.<\/p>\r\n<h1>Maksuehdot<\/h1>\r\n<h2>Maksupalveluntarjoaja<\/h2>\r\n<p>Maksunv\u00e4lityspalvelun toteuttajana ja maksupalveluntarjoajana toimii Paytrail Oyj (2122839-7) yhteisty\u00f6ss\u00e4 suomalaisten pankkien ja luottolaitosten kanssa. Paytrail Oyj n\u00e4kyy maksun saajana tiliotteella tai korttilaskulla ja v\u00e4litt\u00e4\u00e4 maksun kauppiaalle. Paytrail Oyj:ll\u00e4 on maksulaitoksen toimilupa. Reklamaatiotapauksissa pyyd\u00e4mme ottamaan ensisijaisesti yhteytt\u00e4 tuotteen toimittajaan.<\/p>\r\n<p>Paytrail Oyj, y-tunnus: 2122839-7<br \/>Innova 2 Lutakonaukio 7\u00a0<br \/>40100 Jyv\u00e4skyl\u00e4\u00a0<br \/><a href=\"http:\/\/www.paytrail.com\">www.paytrail.com<\/a><\/p>\r\n<p>(Lis\u00e4tietoa maksamisesta l\u00f6yd\u00e4t t\u00e4\u00e4lt\u00e4: <a href=\"https:\/\/www.paytrail.com\/kuluttaja\/maksupalveluehdot\">https:\/\/www.paytrail.com\/kuluttaja\/maksupalveluehdot<\/a>)<\/p>\r\n<h1>REKISTER\u00d6INTI- JA TIETOSUOJAILMOITUS<\/h1>\r\n<p>Rekisteri ja tietosuojaseloste henkil\u00f6tietolain (523\/99 10 ja 24 \u00a7) ja EU:n yleisen tietosuoja-asetuksen (GDPR) mukaisesti.<\/p>\r\n<h2>Ohjain<\/h2>\r\n<p>Unique Investments Tmi Y-tunnus: 2487121-4<\/p>\r\n<h2>Rekisterin yhteyshenkil\u00f6<\/h2>\r\n<p>Stefan Wonfor info@finncoin.com +358440511234<\/p>\r\n<h2>Henkil\u00f6tietojen k\u00e4sittelyn oikeusperusta ja tarkoitus<\/h2>\r\n<p>Henkil\u00f6tietojen k\u00e4sittelyn oikeusperusteena on sopimus, suostumus tai oikeutettu etu. Henkil\u00f6tietojen k\u00e4sittelyss\u00e4 on huomioitu EU:n tietosuoja-asetuksen 25.5.2018 alkaen voimassa olevat vaatimukset. Henkil\u00f6tietojen k\u00e4sittelyn tarkoituksena on yll\u00e4pit\u00e4\u00e4 asiakassuhteita finncoin.com:n ja sen asiakkaiden v\u00e4lill\u00e4. Rekisteri\u00e4 ei k\u00e4ytet\u00e4 s\u00e4hk\u00f6iseen suoramarkkinointiin ilman asiakkaan lupaa eik\u00e4 automaattiseen p\u00e4\u00e4t\u00f6ksentekoon tai profilointiin.<\/p>\r\n<h2>Rekisterin tietosis\u00e4lt\u00f6<\/h2>\r\n<p>Rekisteriin tallennettavia tietoja ovat: henkil\u00f6n nimi, yhteystiedot (puhelinnumero, s\u00e4hk\u00f6postiosoite, osoite), verkkoyhteyden IP-osoite, tiedot tilauksista ja niiden muutoksista, laskutustiedot, lupa hyv\u00e4ksy\u00e4 uutiskirjeen tilaus.<\/p>\r\n<h2>S\u00e4\u00e4nn\u00f6lliset tietol\u00e4hteet<\/h2>\r\n<p>Rekisteriin tallennetut tiedot saadaan asiakkaalta p\u00e4\u00e4asiassa tilausten ja mm. Verkkolomakkeiden, s\u00e4hk\u00f6postin, puhelimen, sosiaalisen median palveluiden kautta l\u00e4hetetyt viestit, sopimukset, asiakastapaamiset ja muut tilanteet, joissa asiakas luovuttaa tietojaan.<\/p>\r\n<h2>S\u00e4\u00e4nn\u00f6lliset tiedonsiirrot ja tietojen siirrot EU:n tai ETA:n ulkopuolelle<\/h2>\r\n<p>Tietoja ei luovuteta s\u00e4\u00e4nn\u00f6llisesti kolmansille osapuolille, eik\u00e4 rekisterinpit\u00e4j\u00e4 siirr\u00e4 niit\u00e4 EU:n tai ETA:n ulkopuolelle.<\/p>\r\n<h2>Rekisterin suojausperiaatteet<\/h2>\r\n<p>Rekisterin tiedot tallennetaan kolmannen osapuolen palvelimelle, jota k\u00e4ytet\u00e4\u00e4n suojatun verkkoyhteyden kautta. Palvelu toimii palomuurilla ja muilla teknisill\u00e4 keinoilla suojatussa ymp\u00e4rist\u00f6ss\u00e4. Unique Investments tmi:n ty\u00f6ntekij\u00f6iden lis\u00e4ksi palveluntarjoajan ja verkkokaupan toimittajan henkil\u00f6st\u00f6ll\u00e4 on p\u00e4\u00e4sy j\u00e4rjestelm\u00e4\u00e4n tallennetun rekisterin sis\u00e4lt\u00e4miin tietoihin.<\/p>\r\n<h2>Tarkastusoikeus ja oikeus vaatia tietojen oikaisua<\/h2>\r\n<p>Jokaisella rekisteriss\u00e4 olevalla on oikeus tarkastaa rekisteriin tallennetut tiedot ja vaatia virheellisten tietojen korjaamista tai puutteellisten tietojen t\u00e4ydent\u00e4mist\u00e4. Kirjautuessaan finncoin.comin verkkokauppaan rekister\u00f6ityneet asiakkaat voivat vaihtaa esimerkiksi salasanansa tai yhteystietonsa. Jos henkil\u00f6 haluaa tarkistaa tai pyyt\u00e4\u00e4 h\u00e4nest\u00e4 tallennettujen tietojen oikaisua, pyynt\u00f6 tulee l\u00e4hett\u00e4\u00e4 kirjallisesti rekisterinpit\u00e4j\u00e4lle. Rekisterinpit\u00e4j\u00e4 voi tarvittaessa pyyt\u00e4\u00e4 hakijaa todistamaan henkil\u00f6llisyytens\u00e4. Rekisterinpit\u00e4j\u00e4 vastaa asiakkaalle EU:n tietosuoja-asetuksen asettamassa m\u00e4\u00e4r\u00e4ajassa (yleens\u00e4 kuukauden kuluessa).<\/p>\r\n<h2>Muut henkil\u00f6tietojen k\u00e4sittelyyn liittyv\u00e4t oikeudet<\/h2>\r\n<p>Rekisteriss\u00e4 olevalla henkil\u00f6ll\u00e4 on oikeus pyyt\u00e4\u00e4 h\u00e4nt\u00e4 koskevien henkil\u00f6tietojen poistamista rekisterist\u00e4. Rekister\u00f6idyll\u00e4 on my\u00f6s oikeus kielt\u00e4\u00e4 rekisterinpit\u00e4j\u00e4\u00e4 k\u00e4sittelem\u00e4st\u00e4 h\u00e4nt\u00e4 koskevia henkil\u00f6tietoja suoramainontaa, et\u00e4myynti\u00e4 ja muuta suoramarkkinointia sek\u00e4 markkina- ja mielipidetutkimusta sek\u00e4 henkil\u00f6- ja sukututkimusta varten. Kielto on teht\u00e4v\u00e4 kirjallisesti ja osoitettava rekister\u00f6intiasioista vastaavalle henkil\u00f6lle.<\/p>\r\n","protected":false},"excerpt":{"rendered":"<p>Toimitusehdot &#8211; finncoin.com Tilaus ja tilausvahvistus Voit tehd\u00e4 tilauksen k\u00e4tev\u00e4sti verkkosivuillamme finncoin.com lis\u00e4\u00e4m\u00e4ll\u00e4 tuotteet ostoskoriin tai s\u00e4hk\u00f6postitse info@finncoin.com Kun tilaat s\u00e4hk\u00f6postitse, ilmoita henkil\u00f6- ja yhteystietosi eli nimi, osoite, puhelinnumero ja s\u00e4hk\u00f6postiosoite. Ostoskorin kautta tilattaessa n\u00e4it\u00e4 tietoja kysyt\u00e4\u00e4n automaattisesti. Kun olet tehnyt tilauksesi, saat automaattisesti tilausvahvistuksen s\u00e4hk\u00f6postiisi. Jos et saa tilausvahvistusta, tilauksesi ei ole saapunut. \u00a0 [&#8230;]\n","protected":false},"author":1,"featured_media":0,"parent":0,"menu_order":0,"comment_status":"closed","ping_status":"open","template":"","meta":{"_acf_changed":false,"footnotes":""},"class_list":["post-373","page","type-page","status-publish","hentry"],"acf":[],"_links":{"self":[{"href":"https:\/\/finncoin.com\/fi\/wp-json\/wp\/v2\/pages\/373","targetHints":{"allow":["GET"]}}],"collection":[{"href":"https:\/\/finncoin.com\/fi\/wp-json\/wp\/v2\/pages"}],"about":[{"href":"https:\/\/finncoin.com\/fi\/wp-json\/wp\/v2\/types\/page"}],"author":[{"embeddable":true,"href":"https:\/\/finncoin.com\/fi\/wp-json\/wp\/v2\/users\/1"}],"replies":[{"embeddable":true,"href":"https:\/\/finncoin.com\/fi\/wp-json\/wp\/v2\/comments?post=373"}],"version-history":[{"count":4,"href":"https:\/\/finncoin.com\/fi\/wp-json\/wp\/v2\/pages\/373\/revisions"}],"predecessor-version":[{"id":403,"href":"https:\/\/finncoin.com\/fi\/wp-json\/wp\/v2\/pages\/373\/revisions\/403"}],"wp:attachment":[{"href":"https:\/\/finncoin.com\/fi\/wp-json\/wp\/v2\/media?parent=373"}],"curies":[{"name":"wp","href":"https:\/\/api.w.org\/{rel}","templated":true}]}}